{"id":6452,"date":"2017-03-20T10:53:15","date_gmt":"2017-03-20T10:53:15","guid":{"rendered":"http:\/\/www.fiwaremac.org\/home_\/"},"modified":"2020-02-12T09:07:54","modified_gmt":"2020-02-12T09:07:54","slug":"home_","status":"publish","type":"page","link":"https:\/\/fiihub.cidihub.org\/pt-pt\/","title":{"rendered":"Home"},"content":{"rendered":"[vc_row type=&#8221;full_width_background&#8221; full_screen_row_position=&#8221;middle&#8221; bg_image=&#8221;9031&#8243; bg_position=&#8221;left top&#8221; bg_repeat=&#8221;no-repeat&#8221; scene_position=&#8221;center&#8221; text_color=&#8221;light&#8221; text_align=&#8221;left&#8221; top_padding=&#8221;9%&#8221; bottom_padding=&#8221;9%&#8221; id=&#8221;inicio&#8221; row_name=&#8221;In\u00edcio&#8221; color_overlay=&#8221;#0a0a0a&#8221; overlay_strength=&#8221;0.3&#8243;][vc_column centered_text=&#8221;true&#8221; column_padding=&#8221;padding-6-percent&#8221; column_padding_position=&#8221;all&#8221; background_color_opacity=&#8221;1&#8243; background_hover_color_opacity=&#8221;1&#8243; column_shadow=&#8221;none&#8221; width=&#8221;1\/1&#8243; tablet_text_alignment=&#8221;default&#8221; phone_text_alignment=&#8221;default&#8221; column_border_width=&#8221;none&#8221; column_border_style=&#8221;solid&#8221;][vc_row_inner column_margin=&#8221;default&#8221; text_align=&#8221;left&#8221;][vc_column_inner enable_animation=&#8221;true&#8221; animation=&#8221;fade-in-from-bottom&#8221; column_padding=&#8221;no-extra-padding&#8221; column_padding_position=&#8221;all&#8221; background_color_opacity=&#8221;1&#8243; width=&#8221;1\/1&#8243; column_border_width=&#8221;none&#8221; column_border_style=&#8221;solid&#8221;][vc_column_text css=&#8221;.vc_custom_1579596986366{margin-bottom: -20px !important;}&#8221;]<a href=\"http:\/\/www.fiwaremac.org\/\"><img loading=\"lazy\" decoding=\"async\" class=\"aligncenter wp-image-6245 \" src=\"https:\/\/fiihub.cidihub.org\/wp-content\/uploads\/2020\/01\/LOGO_FiiHUB-4-2.png\" alt=\"\" width=\"396\" height=\"82\" \/><\/a>[\/vc_column_text]<div class=\"divider-wrap\"><div style=\"height: -30px;\" class=\"divider\"><\/div><\/div><div class=\"divider-wrap\"><div style=\"margin-top: 15px; width: 120px; height: 3px; margin-bottom: 15px;\" data-width=\"120\" data-animate=\"yes\" data-animation-delay=\"100\" data-color=\"accent-color\" class=\"divider-small-border\"><\/div><\/div>[vc_column_text max_width=&#8221;700&#8243;]\n<h3 style=\"text-align: center;\">Fiware Digital Innovation HUB for Business Acceleration<\/h3>\n[\/vc_column_text][\/vc_column_inner][\/vc_row_inner][\/vc_column][\/vc_row][vc_row type=&#8221;full_width_background&#8221; full_screen_row_position=&#8221;middle&#8221; scene_position=&#8221;center&#8221; text_color=&#8221;dark&#8221; text_align=&#8221;left&#8221; top_padding=&#8221;6%&#8221; bottom_padding=&#8221;6%&#8221; id=&#8221;fihub&#8221; row_name=&#8221;O que \u00e9 o FiiHUB&#8221; overlay_strength=&#8221;0.95&#8243;][vc_column enable_animation=&#8221;true&#8221; animation=&#8221;fade-in-from-bottom&#8221; column_padding=&#8221;no-extra-padding&#8221; column_padding_position=&#8221;all&#8221; background_color_opacity=&#8221;1&#8243; background_hover_color_opacity=&#8221;1&#8243; column_shadow=&#8221;none&#8221; width=&#8221;1\/1&#8243; tablet_text_alignment=&#8221;default&#8221; phone_text_alignment=&#8221;default&#8221; column_border_width=&#8221;none&#8221; column_border_style=&#8221;solid&#8221;][vc_row_inner column_margin=&#8221;default&#8221; bottom_padding=&#8221;-20&#8243; text_align=&#8221;left&#8221;][vc_column_inner enable_animation=&#8221;true&#8221; animation=&#8221;fade-in&#8221; column_padding=&#8221;no-extra-padding&#8221; column_padding_position=&#8221;all&#8221; centered_text=&#8221;true&#8221; background_color_opacity=&#8221;1&#8243; width=&#8221;1\/1&#8243; column_border_width=&#8221;none&#8221; column_border_style=&#8221;solid&#8221;][vc_column_text css=&#8221;.vc_custom_1579527853360{padding-bottom: 10px !important;}&#8221;]\n<h2>FUTURE INTERNET INNOVATION HUB<\/h2>\n[\/vc_column_text]<div class=\"divider-wrap\"><div style=\"margin-top: 15px; width: 120px; height: 3px; margin-bottom: 15px;\" data-width=\"120\" data-animate=\"yes\" data-animation-delay=\"100\" data-color=\"extra-color-gradient-1\" class=\"divider-small-border\"><\/div><\/div>[vc_column_text max_width=&#8221;600&#8243; css=&#8221;.vc_custom_1581497766566{margin-bottom: 30px !important;}&#8221;]\n<h3><span style=\"color: #999999;\">Cria\u00e7\u00e3o e execu\u00e7\u00e3o do primeiro Digital Innovation Hub da Internet do Futuro para a acelera\u00e7\u00e3o tecnol\u00f3gica das PMEs da Macaron\u00e9sia.<\/span><\/h3>\n[\/vc_column_text]<div class=\"divider-wrap\"><div style=\"height: 25px;\" class=\"divider\"><\/div><\/div>[\/vc_column_inner][\/vc_row_inner][\/vc_column][\/vc_row][vc_row type=&#8221;full_width_background&#8221; full_screen_row_position=&#8221;middle&#8221; scene_position=&#8221;center&#8221; text_color=&#8221;dark&#8221; text_align=&#8221;left&#8221; top_padding=&#8221;6%&#8221; bottom_padding=&#8221;6%&#8221; id=&#8221;servicios&#8221; row_name=&#8221;Servi\u00e7os&#8221; overlay_strength=&#8221;0.3&#8243;][vc_column enable_animation=&#8221;true&#8221; animation=&#8221;fade-in-from-bottom&#8221; centered_text=&#8221;true&#8221; column_padding=&#8221;no-extra-padding&#8221; column_padding_position=&#8221;all&#8221; background_color_opacity=&#8221;1&#8243; background_hover_color_opacity=&#8221;1&#8243; column_shadow=&#8221;none&#8221; width=&#8221;1\/1&#8243; tablet_text_alignment=&#8221;default&#8221; phone_text_alignment=&#8221;default&#8221; column_border_width=&#8221;none&#8221; column_border_style=&#8221;solid&#8221;][vc_row_inner column_margin=&#8221;default&#8221; text_align=&#8221;left&#8221;][vc_column_inner enable_animation=&#8221;true&#8221; animation=&#8221;fade-in&#8221; column_padding=&#8221;no-extra-padding&#8221; column_padding_position=&#8221;all&#8221; background_color_opacity=&#8221;1&#8243; width=&#8221;1\/1&#8243; column_border_width=&#8221;none&#8221; column_border_style=&#8221;solid&#8221; column_link=&#8221;https:\/\/fiihub.cidihub.org\/servicios\/&#8221;][vc_column_text css=&#8221;.vc_custom_1581497890431{padding-bottom: 10px !important;}&#8221;]\n<h2>Servi\u00e7os<\/h2>\n[\/vc_column_text]<div class=\"divider-wrap\"><div style=\"margin-top: 15px; width: 120px; height: 3px; margin-bottom: 15px;\" data-width=\"120\" data-animate=\"yes\" data-animation-delay=\"100\" data-color=\"extra-color-gradient-1\" class=\"divider-small-border\"><\/div><\/div>[vc_column_text max_width=&#8221;450&#8243;]\n<h3><span style=\"color: #999999;\">O FIIHUB contribuir\u00e1 para que os produtos e as solu\u00e7\u00f5es das empresas sejam mais competitivas e se adaptem \u00e0s tecnologias da Internet do Futuro. Para tal, proporciona servi\u00e7os de consultoria estrat\u00e9gica personalizada.<\/span><\/h3>\n[\/vc_column_text][\/vc_column_inner][\/vc_row_inner][carousel script=&#8221;owl_carousel&#8221; desktop_cols=&#8221;5&#8243; desktop_small_cols=&#8221;2&#8243; tablet_cols=&#8221;2&#8243; mobile_cols=&#8221;1&#8243; column_padding=&#8221;15px&#8221; enable_animation=&#8221;true&#8221; delay=&#8221;100&#8243;][item id=&#8221;1469556606-1-96&#8243; tab_id=&#8221;1469556740490-4&#8243; title=&#8221;Item&#8221;][nectar_flip_box image_url_1=&#8221;6405&#8243; bg_color_overlay=&#8221;true&#8221; text_color=&#8221;light&#8221; icon_family=&#8221;steadysets&#8221; icon_color=&#8221;extra-color-gradient-1&#8243; image_url_2=&#8221;71&#8243; bg_color_2=&#8221;#193c65&#8243; bg_color_overlay_2=&#8221;true&#8221; text_color_2=&#8221;light&#8221; h_text_align=&#8221;center&#8221; v_text_align=&#8221;center&#8221; flip_direction=&#8221;horizontal-to-left&#8221; min_height=&#8221;300&#8243; icon_size=&#8221;44&#8243; icon_steadysets=&#8221;steadysets-icon-pencil&#8221;]\n<h3><span style=\"color: #ffffff;\"><a style=\"color: #ffffff;\" href=\"https:\/\/fiihub.cidihub.org\/pt-pt\/aceleradora\/\">FiiHUB Centro<\/a><\/span><\/h3>\n[\/nectar_flip_box][\/item][item id=&#8221;1469556606-2-39&#8243; tab_id=&#8221;1469556740810-6&#8243; title=&#8221;Item&#8221;][nectar_flip_box image_url_1=&#8221;6256&#8243; bg_color_overlay=&#8221;true&#8221; text_color=&#8221;light&#8221; icon_family=&#8221;steadysets&#8221; icon_color=&#8221;extra-color-gradient-1&#8243; image_url_2=&#8221;5&#8243; bg_color_2=&#8221;#193c65&#8243; bg_color_overlay_2=&#8221;true&#8221; text_color_2=&#8221;light&#8221; h_text_align=&#8221;center&#8221; v_text_align=&#8221;center&#8221; flip_direction=&#8221;horizontal-to-left&#8221; min_height=&#8221;300&#8243; icon_size=&#8221;44&#8243; icon_steadysets=&#8221;steadysets-icon-users&#8221;]\n<h3><span style=\"color: #ffffff;\"><a style=\"color: #ffffff;\" href=\"https:\/\/fiihub.cidihub.org\/pt-pt\/aceleradora\/\">FiiHUB Academia<\/a><\/span><\/h3>\n[\/nectar_flip_box][\/item][item id=&#8221;1469556606-3-21&#8243; tab_id=&#8221;1469556741177-6&#8243; title=&#8221;Item&#8221;][nectar_flip_box image_url_1=&#8221;6257&#8243; bg_color_overlay=&#8221;true&#8221; text_color=&#8221;light&#8221; icon_family=&#8221;steadysets&#8221; icon_color=&#8221;extra-color-gradient-1&#8243; image_url_2=&#8221;93&#8243; bg_color_2=&#8221;#193c65&#8243; bg_color_overlay_2=&#8221;true&#8221; text_color_2=&#8221;light&#8221; h_text_align=&#8221;center&#8221; v_text_align=&#8221;center&#8221; flip_direction=&#8221;horizontal-to-left&#8221; min_height=&#8221;300&#8243; icon_size=&#8221;44&#8243; icon_steadysets=&#8221;steadysets-icon-checkmark&#8221;]\n<h3><span style=\"color: #ffffff;\"><a style=\"color: #ffffff;\" href=\"https:\/\/fiihub.cidihub.org\/pt-pt\/aceleradora\/\">FiiHUB Certifica\u00e7\u00e3o<\/a><\/span><\/h3>\n[\/nectar_flip_box][\/item][item id=&#8221;1579531417306-0-7&#8243; tab_id=&#8221;1469556741177-6&#8243; title=&#8221;Item&#8221;][nectar_flip_box image_url_1=&#8221;9068&#8243; bg_color_overlay=&#8221;true&#8221; text_color=&#8221;light&#8221; icon_color=&#8221;extra-color-gradient-1&#8243; image_url_2=&#8221;93&#8243; bg_color_2=&#8221;#193c65&#8243; bg_color_overlay_2=&#8221;true&#8221; text_color_2=&#8221;light&#8221; h_text_align=&#8221;center&#8221; v_text_align=&#8221;center&#8221; flip_direction=&#8221;horizontal-to-left&#8221; min_height=&#8221;300&#8243; icon_size=&#8221;44&#8243; icon_fontawesome=&#8221;fa fa-external-link&#8221;]\n<h3><span style=\"color: #ffffff;\"><a style=\"color: #ffffff;\" href=\"https:\/\/fiihub.cidihub.org\/pt-pt\/aceleradora\/\">FiiHUB Mercado<\/a><\/span><\/h3>\n[\/nectar_flip_box][\/item][item id=&#8221;1579531418114-0-1&#8243; tab_id=&#8221;1469556741177-6&#8243; title=&#8221;Item&#8221;][nectar_flip_box image_url_1=&#8221;9059&#8243; bg_color_overlay=&#8221;true&#8221; text_color=&#8221;light&#8221; icon_family=&#8221;steadysets&#8221; icon_color=&#8221;extra-color-gradient-1&#8243; image_url_2=&#8221;93&#8243; bg_color_2=&#8221;#193c65&#8243; bg_color_overlay_2=&#8221;true&#8221; text_color_2=&#8221;light&#8221; h_text_align=&#8221;center&#8221; v_text_align=&#8221;center&#8221; flip_direction=&#8221;horizontal-to-left&#8221; min_height=&#8221;300&#8243; icon_size=&#8221;44&#8243; icon_steadysets=&#8221;steadysets-icon-atom&#8221;]\n<h3><span style=\"color: #ffffff;\"><a style=\"color: #ffffff;\" href=\"https:\/\/fiihub.cidihub.org\/pt-pt\/aceleradora\/\">FiiHUB Comunidade <\/a><\/span><\/h3>\n[\/nectar_flip_box][\/item][\/carousel][\/vc_column][\/vc_row]\n","protected":false},"excerpt":{"rendered":"<p>[vc_row type=&#8221;full_width_background&#8221; full_screen_row_position=&#8221;middle&#8221; bg_image=&#8221;9031&#8243; bg_position=&#8221;left top&#8221; bg_repeat=&#8221;no-repeat&#8221; scene_position=&#8221;center&#8221; text_color=&#8221;light&#8221; text_align=&#8221;left&#8221; top_padding=&#8221;9%&#8221; bottom_padding=&#8221;9%&#8221; id=&#8221;inicio&#8221; row_name=&#8221;In\u00edcio&#8221; color_overlay=&#8221;#0a0a0a&#8221; overlay_strength=&#8221;0.3&#8243;][vc_column centered_text=&#8221;true&#8221; column_padding=&#8221;padding-6-percent&#8221; column_padding_position=&#8221;all&#8221; background_color_opacity=&#8221;1&#8243; background_hover_color_opacity=&#8221;1&#8243; column_shadow=&#8221;none&#8221; width=&#8221;1\/1&#8243; tablet_text_alignment=&#8221;default&#8221; phone_text_alignment=&#8221;default&#8221; column_border_width=&#8221;none&#8221; column_border_style=&#8221;solid&#8221;][vc_row_inner column_margin=&#8221;default&#8221; text_align=&#8221;left&#8221;][vc_column_inner enable_animation=&#8221;true&#8221;&#8230;<\/p>\n","protected":false},"author":1,"featured_media":0,"parent":0,"menu_order":0,"comment_status":"closed","ping_status":"open","template":"","meta":{"_exactmetrics_skip_tracking":false,"_exactmetrics_sitenote_active":false,"_exactmetrics_sitenote_note":"","_exactmetrics_sitenote_category":0,"footnotes":""},"class_list":["post-6452","page","type-page","status-publish","hentry"],"_links":{"self":[{"href":"https:\/\/fiihub.cidihub.org\/pt-pt\/wp-json\/wp\/v2\/pages\/6452\/"}],"collection":[{"href":"https:\/\/fiihub.cidihub.org\/pt-pt\/wp-json\/wp\/v2\/pages\/"}],"about":[{"href":"https:\/\/fiihub.cidihub.org\/pt-pt\/wp-json\/wp\/v2\/types\/page\/"}],"author":[{"embeddable":true,"href":"https:\/\/fiihub.cidihub.org\/pt-pt\/wp-json\/wp\/v2\/users\/1\/"}],"replies":[{"embeddable":true,"href":"https:\/\/fiihub.cidihub.org\/pt-pt\/wp-json\/wp\/v2\/comments\/?post=6452"}],"version-history":[{"count":32,"href":"https:\/\/fiihub.cidihub.org\/pt-pt\/wp-json\/wp\/v2\/pages\/6452\/revisions\/"}],"predecessor-version":[{"id":9341,"href":"https:\/\/fiihub.cidihub.org\/pt-pt\/wp-json\/wp\/v2\/pages\/6452\/revisions\/9341\/"}],"wp:attachment":[{"href":"https:\/\/fiihub.cidihub.org\/pt-pt\/wp-json\/wp\/v2\/media\/?parent=6452"}],"curies":[{"name":"wp","href":"https:\/\/api.w.org\/{rel}","templated":true}]}}