{"id":6465,"date":"2017-02-07T15:05:43","date_gmt":"2017-02-07T15:05:43","guid":{"rendered":"http:\/\/www.fiwaremac.org\/actividades\/"},"modified":"2017-10-04T08:34:57","modified_gmt":"2017-10-04T08:34:57","slug":"actividades","status":"publish","type":"page","link":"https:\/\/fiihub.cidihub.org\/pt-pt\/actividades\/","title":{"rendered":"Atividades"},"content":{"rendered":"[vc_row type=&#8221;full_width_background&#8221; full_screen_row_position=&#8221;middle&#8221; bg_color=&#8221;#ecf7ff&#8221; scene_position=&#8221;center&#8221; text_color=&#8221;dark&#8221; text_align=&#8221;left&#8221; overlay_strength=&#8221;0.5&#8243;][vc_column centered_text=&#8221;true&#8221; column_padding=&#8221;no-extra-padding&#8221; column_padding_position=&#8221;all&#8221; background_color_opacity=&#8221;1&#8243; background_hover_color_opacity=&#8221;1&#8243; column_shadow=&#8221;none&#8221; width=&#8221;1\/1&#8243; tablet_text_alignment=&#8221;default&#8221; phone_text_alignment=&#8221;default&#8221; column_border_width=&#8221;none&#8221; column_border_style=&#8221;solid&#8221;][vc_row_inner column_margin=&#8221;default&#8221; top_padding=&#8221;10%&#8221; bottom_padding=&#8221;2%&#8221; text_align=&#8221;left&#8221;][vc_column_inner enable_animation=&#8221;true&#8221; animation=&#8221;fade-in-from-bottom&#8221; column_padding=&#8221;no-extra-padding&#8221; column_padding_position=&#8221;all&#8221; background_color_opacity=&#8221;1&#8243; width=&#8221;1\/1&#8243; column_border_width=&#8221;none&#8221; column_border_style=&#8221;solid&#8221;][vc_column_text max_width=&#8221;600&#8243; css=&#8221;.vc_custom_1491835918364{border-bottom-width: 10px !important;}&#8221;]\n<h3><span style=\"color: #999999;\"><br \/>\nO projeto FIMAC vai dar a conhecer o programa, as iniciativas e as tecnologias relacionadas com a Internet do Futuro. Venha conhecer-nos!<\/span><\/h3>\n[\/vc_column_text]<div class=\"divider-wrap\"><div style=\"margin-top: 15px; width: 120px; height: 3px; margin-bottom: 15px;\" data-width=\"120\" data-animate=\"yes\" data-animation-delay=\"100\" data-color=\"extra-color-gradient-1\" class=\"divider-small-border\"><\/div><\/div>[\/vc_column_inner][\/vc_row_inner][vc_row_inner column_margin=&#8221;default&#8221; top_padding=&#8221;20&#8243; text_align=&#8221;left&#8221;][vc_column_inner enable_animation=&#8221;true&#8221; animation=&#8221;fade-in-from-bottom&#8221; column_padding=&#8221;padding-3-percent&#8221; column_padding_position=&#8221;all&#8221; centered_text=&#8221;true&#8221; background_color_opacity=&#8221;1&#8243; width=&#8221;1\/3&#8243; column_border_width=&#8221;none&#8221; column_border_style=&#8221;solid&#8221; delay=&#8221;100&#8243;][nectar_icon icon_family=&#8221;steadysets&#8221; icon_style=&#8221;default&#8221; icon_color=&#8221;extra-color-gradient-1&#8243; icon_padding=&#8221;0px&#8221; url=&#8221;#&#8221; icon_steadysets=&#8221;steadysets-icon-wifi-full&#8221;][vc_column_text css_animation=&#8221;none&#8221; css=&#8221;.vc_custom_1507106064553{margin-bottom: 30px !important;}&#8221;]\n<h3>Confer\u00eancias UE Internet do Futuro<\/h3>\n[\/vc_column_text][vc_custom_heading text=&#8221;O projeto FIMAC vai organizar e realizar 8 confer\u00eancias interativas acerca das oportunidades que a Internet do Futuro proporciona \u00e0s empresas da Macaron\u00e9sia. Ser\u00e3o abordadas as tecnologias desenvolvidas mais recentemente e que permitir\u00e3o a internacionaliza\u00e7\u00e3o das PME, assim como a internacionaliza\u00e7\u00e3o de aplica\u00e7\u00f5es mais espec\u00edficas em \u00e1reas como Cidades Inteligentes, <i>eHealth<\/i>, Transportes, Energia, Ambiente, Log\u00edstica, Ind\u00fastria, Educa\u00e7\u00e3o e Assuntos Sociais.&#8221; font_container=&#8221;tag:p|text_align:center|color:rgba(10%2C10%2C10%2C0.65)&#8221; use_theme_fonts=&#8221;yes&#8221; css_animation=&#8221;fadeInUp&#8221;][\/vc_column_inner][vc_column_inner enable_animation=&#8221;true&#8221; animation=&#8221;fade-in-from-bottom&#8221; column_padding=&#8221;padding-3-percent&#8221; column_padding_position=&#8221;all&#8221; centered_text=&#8221;true&#8221; background_color_opacity=&#8221;1&#8243; width=&#8221;1\/3&#8243; column_border_width=&#8221;none&#8221; column_border_style=&#8221;solid&#8221; delay=&#8221;300&#8243;][nectar_icon icon_family=&#8221;steadysets&#8221; icon_style=&#8221;default&#8221; icon_color=&#8221;extra-color-gradient-1&#8243; icon_padding=&#8221;0px&#8221; url=&#8221;#&#8221; icon_steadysets=&#8221;steadysets-icon-settings&#8221;][vc_column_text css_animation=&#8221;none&#8221; css=&#8221;.vc_custom_1507106073968{margin-bottom: 30px !important;}&#8221;]\n<h3>FIMAC Workshops<\/h3>\n[\/vc_column_text][vc_custom_heading text=&#8221;Especialistas em tecnologias da Internet do Futuro e em aplica\u00e7\u00f5es FIWARE apresentar\u00e3o as ferramentas gratuitas que esta plataforma oferece, os benef\u00edcios da sua utiliza\u00e7\u00e3o e o seu potencial de implementa\u00e7\u00e3o nos produtos e servi\u00e7os das PME das Macaron\u00e9sia.<br \/>\nDurante os workshops ser\u00e3o apresentados exemplos de casos reais, mostrando os benef\u00edcios destas ferramentas para alcan\u00e7ar uma maior competitividade e adapta\u00e7\u00e3o a mudan\u00e7as sociais e comerciais no presente e no futuro.<br \/>\n&#8221; font_container=&#8221;tag:p|text_align:center|color:rgba(10%2C10%2C10%2C0.65)&#8221; use_theme_fonts=&#8221;yes&#8221; css_animation=&#8221;fadeInUp&#8221;][\/vc_column_inner][vc_column_inner enable_animation=&#8221;true&#8221; animation=&#8221;fade-in-from-bottom&#8221; column_padding=&#8221;padding-3-percent&#8221; column_padding_position=&#8221;all&#8221; centered_text=&#8221;true&#8221; background_color_opacity=&#8221;1&#8243; width=&#8221;1\/3&#8243; column_border_width=&#8221;none&#8221; column_border_style=&#8221;solid&#8221; delay=&#8221;500&#8243;][nectar_icon icon_family=&#8221;steadysets&#8221; icon_style=&#8221;default&#8221; icon_color=&#8221;extra-color-gradient-1&#8243; icon_padding=&#8221;0px&#8221; url=&#8221;#&#8221; icon_steadysets=&#8221;steadysets-icon-checkbox-checked&#8221;][vc_column_text css_animation=&#8221;none&#8221; css=&#8221;.vc_custom_1507106082980{margin-bottom: 30px !important;}&#8221;]\n<h3>Consultoria especializada<\/h3>\n[\/vc_column_text][vc_custom_heading text=&#8221;O projeto FIMAC estar\u00e1 em contato permanente com a FIWARE e com outras plataformas e redes europeias de forma a facilitar a Internacionaliza\u00e7\u00e3o das PME da Macaron\u00e9sia.<br \/>\nPrev\u00ea-se tamb\u00e9m a participa\u00e7\u00e3o em eventos internacionais de <i>networking<\/i>, tais como <i>InfoDays<\/i> da Comiss\u00e3o Europeia e em atividades t\u00e9cnicas para dar visibilidade \u00e0s empresas que participarem.<br \/>\n&#8221; font_container=&#8221;tag:p|text_align:center|color:rgba(10%2C10%2C10%2C0.65)&#8221; use_theme_fonts=&#8221;yes&#8221; css_animation=&#8221;fadeInUp&#8221;][\/vc_column_inner][\/vc_row_inner]<div class=\"divider-wrap\"><div style=\"height: 60px;\" class=\"divider\"><\/div><\/div>[\/vc_column][\/vc_row][vc_row type=&#8221;full_width_content&#8221; full_screen_row_position=&#8221;middle&#8221; bg_color=&#8221;#ecf7ff&#8221; scene_position=&#8221;center&#8221; text_color=&#8221;dark&#8221; text_align=&#8221;left&#8221; overlay_strength=&#8221;0.3&#8243;][vc_column column_padding=&#8221;no-extra-padding&#8221; column_padding_position=&#8221;all&#8221; background_color_opacity=&#8221;1&#8243; background_hover_color_opacity=&#8221;1&#8243; column_shadow=&#8221;none&#8221; width=&#8221;1\/2&#8243; tablet_text_alignment=&#8221;default&#8221; phone_text_alignment=&#8221;default&#8221; column_border_width=&#8221;none&#8221; column_border_style=&#8221;solid&#8221;][nectar_gmap zoom=&#8221;4&#8243; marker_style=&#8221;nectar&#8221; nectar_marker_color=&#8221;accent-color&#8221; map_greyscale=&#8221;1&#8243; map_color=&#8221;#81d742&#8243; ultra_flat=&#8221;1&#8243; dark_color_scheme=&#8221;1&#8243; size=&#8221;750&#8243; map_center_lat=&#8221;32.02254494536006&#8243; map_center_lng=&#8221;-18.776524828125062&#8243; map_markers=&#8221;28.2915637|-16.629130400000008|<br \/>\n37.7412488| -25.675594400000023|<br \/>\n15.120142| -23.605186799999956|&#8221;][\/vc_column][vc_column column_padding=&#8221;padding-7-percent&#8221; column_padding_position=&#8221;all&#8221; background_color=&#8221;#0a0a0a&#8221; background_color_opacity=&#8221;0.5&#8243; background_hover_color_opacity=&#8221;1&#8243; background_image=&#8221;6301&#8243; enable_bg_scale=&#8221;true&#8221; font_color=&#8221;#ffffff&#8221; column_shadow=&#8221;none&#8221; width=&#8221;1\/2&#8243; tablet_text_alignment=&#8221;default&#8221; phone_text_alignment=&#8221;default&#8221; column_border_width=&#8221;none&#8221; column_border_style=&#8221;solid&#8221;][vc_row_inner content_placement=&#8221;middle&#8221; column_margin=&#8221;default&#8221; top_padding=&#8221;100&#8243; text_align=&#8221;left&#8221;][vc_column_inner enable_animation=&#8221;true&#8221; animation=&#8221;fade-in-from-left&#8221; column_padding=&#8221;no-extra-padding&#8221; column_padding_position=&#8221;all&#8221; background_color_opacity=&#8221;1&#8243; width=&#8221;1\/2&#8243; column_border_width=&#8221;none&#8221; column_border_style=&#8221;solid&#8221; delay=&#8221;300&#8243;]<div class=\"milestone-wrap\"><div class=\"nectar-milestone motion_blur\"  data-ms-align=\"left\" > <div class=\"number accent-color\" data-number-size=\"92\"><h1>8<\/h1><\/div> <div class=\"subject\" >jornadas interactivas<\/div> <\/div><\/div><div class=\"nectar-fancy-ul\" data-list-icon=\"icon-map-marker\" data-animation=\"true\" data-animation-delay=\"500\" data-color=\"accent-color\" data-alignment=\"left\"> \n<ul>\n<li><span style=\"color: #ffffff;\">2 na Madeira<\/span><\/li>\n<li><span style=\"color: #ffffff;\">2 nos A\u00e7ores <\/span><\/li>\n<li><span style=\"color: #ffffff;\">4 nas Ilhas Can\u00e1rias<\/span><\/li>\n<\/ul>\n <\/div>[\/vc_column_inner][vc_column_inner enable_animation=&#8221;true&#8221; animation=&#8221;fade-in-from-left&#8221; column_padding=&#8221;no-extra-padding&#8221; column_padding_position=&#8221;all&#8221; background_color_opacity=&#8221;1&#8243; width=&#8221;1\/2&#8243; column_border_width=&#8221;none&#8221; column_border_style=&#8221;solid&#8221; delay=&#8221;1000&#8243;]<div class=\"milestone-wrap\"><div class=\"nectar-milestone motion_blur\"  data-ms-align=\"left\" > <div class=\"number accent-color\" data-number-size=\"92\"><h1>4<\/h1><\/div> <div class=\"subject\" >workshops<\/div> <\/div><\/div><div class=\"nectar-fancy-ul\" data-list-icon=\"icon-wrench\" data-animation=\"true\" data-animation-delay=\"1300\" data-color=\"accent-color\" data-alignment=\"left\"> \n<ul>\n<li><span style=\"color: #ffffff;\">1 na Madeira<\/span><\/li>\n<li><span style=\"color: #ffffff;\">1 nos A\u00e7ores<\/span><\/li>\n<li><span style=\"color: #ffffff;\">2 nas Ilhas Can\u00e1rias<\/span><\/li>\n<\/ul>\n <\/div>[\/vc_column_inner][\/vc_row_inner][\/vc_column][\/vc_row]\n","protected":false},"excerpt":{"rendered":"<p>[vc_row type=&#8221;full_width_background&#8221; full_screen_row_position=&#8221;middle&#8221; bg_color=&#8221;#ecf7ff&#8221; scene_position=&#8221;center&#8221; text_color=&#8221;dark&#8221; text_align=&#8221;left&#8221; overlay_strength=&#8221;0.5&#8243;][vc_column centered_text=&#8221;true&#8221; column_padding=&#8221;no-extra-padding&#8221; column_padding_position=&#8221;all&#8221; background_color_opacity=&#8221;1&#8243; background_hover_color_opacity=&#8221;1&#8243; column_shadow=&#8221;none&#8221; width=&#8221;1\/1&#8243; tablet_text_alignment=&#8221;default&#8221; phone_text_alignment=&#8221;default&#8221; column_border_width=&#8221;none&#8221; column_border_style=&#8221;solid&#8221;][vc_row_inner column_margin=&#8221;default&#8221; top_padding=&#8221;10%&#8221; bottom_padding=&#8221;2%&#8221; text_align=&#8221;left&#8221;][vc_column_inner enable_animation=&#8221;true&#8221; animation=&#8221;fade-in-from-bottom&#8221; column_padding=&#8221;no-extra-padding&#8221; column_padding_position=&#8221;all&#8221; background_color_opacity=&#8221;1&#8243; width=&#8221;1\/1&#8243; column_border_width=&#8221;none&#8221;&#8230;<\/p>\n","protected":false},"author":1,"featured_media":0,"parent":0,"menu_order":0,"comment_status":"closed","ping_status":"closed","template":"","meta":{"_exactmetrics_skip_tracking":false,"_exactmetrics_sitenote_active":false,"_exactmetrics_sitenote_note":"","_exactmetrics_sitenote_category":0,"footnotes":""},"class_list":["post-6465","page","type-page","status-publish","hentry"],"_links":{"self":[{"href":"https:\/\/fiihub.cidihub.org\/pt-pt\/wp-json\/wp\/v2\/pages\/6465\/"}],"collection":[{"href":"https:\/\/fiihub.cidihub.org\/pt-pt\/wp-json\/wp\/v2\/pages\/"}],"about":[{"href":"https:\/\/fiihub.cidihub.org\/pt-pt\/wp-json\/wp\/v2\/types\/page\/"}],"author":[{"embeddable":true,"href":"https:\/\/fiihub.cidihub.org\/pt-pt\/wp-json\/wp\/v2\/users\/1\/"}],"replies":[{"embeddable":true,"href":"https:\/\/fiihub.cidihub.org\/pt-pt\/wp-json\/wp\/v2\/comments\/?post=6465"}],"version-history":[{"count":17,"href":"https:\/\/fiihub.cidihub.org\/pt-pt\/wp-json\/wp\/v2\/pages\/6465\/revisions\/"}],"predecessor-version":[{"id":7100,"href":"https:\/\/fiihub.cidihub.org\/pt-pt\/wp-json\/wp\/v2\/pages\/6465\/revisions\/7100\/"}],"wp:attachment":[{"href":"https:\/\/fiihub.cidihub.org\/pt-pt\/wp-json\/wp\/v2\/media\/?parent=6465"}],"curies":[{"name":"wp","href":"https:\/\/api.w.org\/{rel}","templated":true}]}}