{"id":6475,"date":"2017-03-09T10:04:18","date_gmt":"2017-03-09T10:04:18","guid":{"rendered":"http:\/\/www.fiwaremac.org\/open-call\/"},"modified":"2020-02-12T09:35:08","modified_gmt":"2020-02-12T09:35:08","slug":"servicios","status":"publish","type":"page","link":"https:\/\/fiihub.cidihub.org\/pt-pt\/servicios\/","title":{"rendered":"SERVI\u00c7OS"},"content":{"rendered":"[vc_row type=&#8221;full_width_background&#8221; full_screen_row_position=&#8221;middle&#8221; bg_color=&#8221;#ecf7ff&#8221; scene_position=&#8221;center&#8221; text_color=&#8221;dark&#8221; text_align=&#8221;left&#8221; overlay_strength=&#8221;0.5&#8243;][vc_column centered_text=&#8221;true&#8221; column_padding=&#8221;no-extra-padding&#8221; column_padding_position=&#8221;all&#8221; background_color_opacity=&#8221;1&#8243; background_hover_color_opacity=&#8221;1&#8243; column_shadow=&#8221;none&#8221; width=&#8221;1\/1&#8243; tablet_text_alignment=&#8221;default&#8221; phone_text_alignment=&#8221;default&#8221; column_border_width=&#8221;none&#8221; column_border_style=&#8221;solid&#8221;][vc_row_inner column_margin=&#8221;default&#8221; top_padding=&#8221;10%&#8221; bottom_padding=&#8221;2%&#8221; text_align=&#8221;left&#8221;][vc_column_inner enable_animation=&#8221;true&#8221; animation=&#8221;fade-in-from-bottom&#8221; column_padding=&#8221;no-extra-padding&#8221; column_padding_position=&#8221;all&#8221; background_color_opacity=&#8221;1&#8243; width=&#8221;1\/1&#8243; column_border_width=&#8221;none&#8221; column_border_style=&#8221;solid&#8221;][vc_column_text max_width=&#8221;600&#8243; css=&#8221;.vc_custom_1581499765634{border-bottom-width: 10px !important;}&#8221;]\n<h3><span style=\"color: #999999;\">O FIIHUB fornece apoio \u00e0s iniciativas vinculadas \u00e0 plataforma FIWARE europeia, utilizando as tecnologias da Internet do Futuro.<\/span><\/h3>\n[\/vc_column_text]<div class=\"divider-wrap\"><div style=\"margin-top: 15px; width: 120px; height: 3px; margin-bottom: 15px;\" data-width=\"120\" data-animate=\"yes\" data-animation-delay=\"100\" data-color=\"extra-color-gradient-1\" class=\"divider-small-border\"><\/div><\/div>[\/vc_column_inner][\/vc_row_inner][vc_row_inner column_margin=&#8221;default&#8221; top_padding=&#8221;20&#8243; text_align=&#8221;left&#8221;][vc_column_inner enable_animation=&#8221;true&#8221; animation=&#8221;fade-in-from-bottom&#8221; column_padding=&#8221;padding-3-percent&#8221; column_padding_position=&#8221;all&#8221; centered_text=&#8221;true&#8221; background_color_opacity=&#8221;1&#8243; width=&#8221;1\/3&#8243; column_border_width=&#8221;none&#8221; column_border_style=&#8221;solid&#8221; delay=&#8221;100&#8243;][nectar_icon icon_family=&#8221;steadysets&#8221; icon_style=&#8221;default&#8221; icon_color=&#8221;extra-color-gradient-1&#8243; icon_padding=&#8221;0px&#8221; url=&#8221;#&#8221; icon_steadysets=&#8221;steadysets-icon-pencil&#8221;][vc_column_text css_animation=&#8221;none&#8221; css=&#8221;.vc_custom_1581499797526{margin-bottom: 30px !important;}&#8221;]\n<h3><strong>Centros FIIHUB<\/strong><\/h3>\n[\/vc_column_text][vc_custom_heading text=&#8221;Trata-se de centros f\u00edsicos FiiHUB localizados em cada regi\u00e3o participante: Ilhas Can\u00e1rias, A\u00e7ores e Madeira; para oferecer apoio a empresas diretamente na regi\u00e3o.<br \/>\n&#8221; font_container=&#8221;tag:p|text_align:center|color:rgba(10%2C10%2C10%2C0.65)&#8221; use_theme_fonts=&#8221;yes&#8221; css_animation=&#8221;fadeInUp&#8221;][\/vc_column_inner][vc_column_inner enable_animation=&#8221;true&#8221; animation=&#8221;fade-in-from-bottom&#8221; column_padding=&#8221;padding-3-percent&#8221; column_padding_position=&#8221;all&#8221; centered_text=&#8221;true&#8221; background_color_opacity=&#8221;1&#8243; width=&#8221;1\/3&#8243; column_border_width=&#8221;none&#8221; column_border_style=&#8221;solid&#8221; delay=&#8221;300&#8243;][nectar_icon icon_family=&#8221;steadysets&#8221; icon_style=&#8221;default&#8221; icon_color=&#8221;extra-color-gradient-1&#8243; icon_padding=&#8221;0px&#8221; url=&#8221;#&#8221; icon_steadysets=&#8221;steadysets-icon-users&#8221;][vc_column_text css_animation=&#8221;none&#8221; css=&#8221;.vc_custom_1581499857525{margin-bottom: 30px !important;}&#8221;]\n<h3><strong>Academia FIIHUB<\/strong><\/h3>\n[\/vc_column_text][vc_custom_heading text=&#8221;Servi\u00e7os de forma\u00e7\u00e3o te\u00f3rico-pr\u00e1tica sobre a tecnologia FIWARE, bem como consultoria comercial e suporte tecnol\u00f3gico, comercial e cient\u00edfico.&#8221; font_container=&#8221;tag:p|text_align:center|color:rgba(10%2C10%2C10%2C0.65)&#8221; use_theme_fonts=&#8221;yes&#8221; css_animation=&#8221;fadeInUp&#8221;][\/vc_column_inner][vc_column_inner enable_animation=&#8221;true&#8221; animation=&#8221;fade-in-from-bottom&#8221; column_padding=&#8221;padding-3-percent&#8221; column_padding_position=&#8221;all&#8221; centered_text=&#8221;true&#8221; background_color_opacity=&#8221;1&#8243; width=&#8221;1\/3&#8243; column_border_width=&#8221;none&#8221; column_border_style=&#8221;solid&#8221; delay=&#8221;500&#8243;][nectar_icon icon_family=&#8221;steadysets&#8221; icon_style=&#8221;default&#8221; icon_color=&#8221;extra-color-gradient-1&#8243; icon_padding=&#8221;0px&#8221; url=&#8221;#&#8221; icon_steadysets=&#8221;steadysets-icon-checkmark&#8221;][vc_column_text css_animation=&#8221;none&#8221; css=&#8221;.vc_custom_1581499912868{margin-bottom: 30px !important;}&#8221;]\n<h3><strong>Certificado FIIHUB<\/strong><\/h3>\n[\/vc_column_text][vc_custom_heading text=&#8221;Facilitar\u00e1, para as empresas, o estabelecimento de aplica\u00e7\u00f5es comerciais atrav\u00e9s de solu\u00e7\u00f5es com certificado FIWARE. &#8221; font_container=&#8221;tag:p|text_align:center|color:rgba(10%2C10%2C10%2C0.65)&#8221; use_theme_fonts=&#8221;yes&#8221; css_animation=&#8221;fadeInUp&#8221;][\/vc_column_inner][\/vc_row_inner][vc_row_inner column_margin=&#8221;default&#8221; top_padding=&#8221;20&#8243; text_align=&#8221;left&#8221;][vc_column_inner enable_animation=&#8221;true&#8221; animation=&#8221;fade-in-from-bottom&#8221; column_padding=&#8221;padding-3-percent&#8221; column_padding_position=&#8221;all&#8221; centered_text=&#8221;true&#8221; background_color_opacity=&#8221;1&#8243; width=&#8221;1\/2&#8243; column_border_width=&#8221;none&#8221; column_border_style=&#8221;solid&#8221; delay=&#8221;100&#8243;][nectar_icon icon_family=&#8221;fontawesome&#8221; icon_style=&#8221;default&#8221; icon_color=&#8221;extra-color-gradient-1&#8243; icon_padding=&#8221;0px&#8221; url=&#8221;#&#8221; icon_fontawesome=&#8221;fa fa-external-link&#8221;][vc_column_text css_animation=&#8221;none&#8221; css=&#8221;.vc_custom_1581499973188{margin-bottom: 30px !important;}&#8221;]\n<h3><strong>Mercado FIIHUB<\/strong><\/h3>\n[\/vc_column_text][vc_custom_heading text=&#8221;Refor\u00e7ar\u00e1 a competitividade das pequenas e m\u00e9dias empresas relativamente ao esfor\u00e7o de internacionaliza\u00e7\u00e3o e inova\u00e7\u00e3o das suas atividades produtivas, atrav\u00e9s da promo\u00e7\u00e3o da participa\u00e7\u00e3o em congressos internacionais FIWARE SUMMIT.&#8221; font_container=&#8221;tag:p|text_align:center|color:rgba(10%2C10%2C10%2C0.65)&#8221; use_theme_fonts=&#8221;yes&#8221; css_animation=&#8221;fadeInUp&#8221;][\/vc_column_inner][vc_column_inner enable_animation=&#8221;true&#8221; animation=&#8221;fade-in-from-bottom&#8221; column_padding=&#8221;padding-3-percent&#8221; column_padding_position=&#8221;all&#8221; centered_text=&#8221;true&#8221; background_color_opacity=&#8221;1&#8243; width=&#8221;1\/2&#8243; column_border_width=&#8221;none&#8221; column_border_style=&#8221;solid&#8221; delay=&#8221;300&#8243;][nectar_icon icon_family=&#8221;steadysets&#8221; icon_style=&#8221;default&#8221; icon_color=&#8221;extra-color-gradient-1&#8243; icon_padding=&#8221;0px&#8221; url=&#8221;#&#8221; icon_steadysets=&#8221;steadysets-icon-atom&#8221;][vc_column_text css_animation=&#8221;none&#8221; css=&#8221;.vc_custom_1581500037117{margin-bottom: 30px !important;}&#8221;]\n<h3>Comunidade FIIHUB<\/h3>\n[\/vc_column_text][vc_custom_heading text=&#8221;Criar-se-\u00e1 uma comunidade de empresas que utilizam tecnologias FIWARE, a fim de promover a colabora\u00e7\u00e3o e o apoio entre elas.&#8221; font_container=&#8221;tag:p|text_align:center|color:rgba(10%2C10%2C10%2C0.65)&#8221; use_theme_fonts=&#8221;yes&#8221; css_animation=&#8221;fadeInUp&#8221;][\/vc_column_inner][\/vc_row_inner]<div class=\"divider-wrap\"><div style=\"height: 60px;\" class=\"divider\"><\/div><\/div>[\/vc_column][\/vc_row]\n","protected":false},"excerpt":{"rendered":"<p>[vc_row type=&#8221;full_width_background&#8221; full_screen_row_position=&#8221;middle&#8221; bg_color=&#8221;#ecf7ff&#8221; scene_position=&#8221;center&#8221; text_color=&#8221;dark&#8221; text_align=&#8221;left&#8221; overlay_strength=&#8221;0.5&#8243;][vc_column centered_text=&#8221;true&#8221; column_padding=&#8221;no-extra-padding&#8221; column_padding_position=&#8221;all&#8221; background_color_opacity=&#8221;1&#8243; background_hover_color_opacity=&#8221;1&#8243; column_shadow=&#8221;none&#8221; width=&#8221;1\/1&#8243; tablet_text_alignment=&#8221;default&#8221; phone_text_alignment=&#8221;default&#8221; column_border_width=&#8221;none&#8221; column_border_style=&#8221;solid&#8221;][vc_row_inner column_margin=&#8221;default&#8221; top_padding=&#8221;10%&#8221; bottom_padding=&#8221;2%&#8221; text_align=&#8221;left&#8221;][vc_column_inner enable_animation=&#8221;true&#8221; animation=&#8221;fade-in-from-bottom&#8221; column_padding=&#8221;no-extra-padding&#8221; column_padding_position=&#8221;all&#8221; background_color_opacity=&#8221;1&#8243; width=&#8221;1\/1&#8243; column_border_width=&#8221;none&#8221;&#8230;<\/p>\n","protected":false},"author":1,"featured_media":0,"parent":0,"menu_order":0,"comment_status":"closed","ping_status":"closed","template":"","meta":{"_exactmetrics_skip_tracking":false,"_exactmetrics_sitenote_active":false,"_exactmetrics_sitenote_note":"","_exactmetrics_sitenote_category":0,"footnotes":""},"class_list":["post-6475","page","type-page","status-publish","hentry"],"_links":{"self":[{"href":"https:\/\/fiihub.cidihub.org\/pt-pt\/wp-json\/wp\/v2\/pages\/6475\/"}],"collection":[{"href":"https:\/\/fiihub.cidihub.org\/pt-pt\/wp-json\/wp\/v2\/pages\/"}],"about":[{"href":"https:\/\/fiihub.cidihub.org\/pt-pt\/wp-json\/wp\/v2\/types\/page\/"}],"author":[{"embeddable":true,"href":"https:\/\/fiihub.cidihub.org\/pt-pt\/wp-json\/wp\/v2\/users\/1\/"}],"replies":[{"embeddable":true,"href":"https:\/\/fiihub.cidihub.org\/pt-pt\/wp-json\/wp\/v2\/comments\/?post=6475"}],"version-history":[{"count":15,"href":"https:\/\/fiihub.cidihub.org\/pt-pt\/wp-json\/wp\/v2\/pages\/6475\/revisions\/"}],"predecessor-version":[{"id":9349,"href":"https:\/\/fiihub.cidihub.org\/pt-pt\/wp-json\/wp\/v2\/pages\/6475\/revisions\/9349\/"}],"wp:attachment":[{"href":"https:\/\/fiihub.cidihub.org\/pt-pt\/wp-json\/wp\/v2\/media\/?parent=6475"}],"curies":[{"name":"wp","href":"https:\/\/api.w.org\/{rel}","templated":true}]}}