{"id":6482,"date":"2017-02-07T15:01:58","date_gmt":"2017-02-07T15:01:58","guid":{"rendered":"http:\/\/www.fiwaremac.org\/consorcio\/"},"modified":"2021-10-21T07:06:36","modified_gmt":"2021-10-21T07:06:36","slug":"consorcio","status":"publish","type":"page","link":"https:\/\/fiihub.cidihub.org\/pt-pt\/consorcio\/","title":{"rendered":"CONS\u00d3RCIO"},"content":{"rendered":"[vc_row type=&#8221;full_width_background&#8221; full_screen_row_position=&#8221;middle&#8221; bg_color=&#8221;#f4f4f4&#8243; scene_position=&#8221;center&#8221; text_color=&#8221;dark&#8221; text_align=&#8221;left&#8221; top_padding=&#8221;10%&#8221; bottom_padding=&#8221;6%&#8221; id=&#8221;pricing&#8221; row_name=&#8221;Pricing&#8221; overlay_strength=&#8221;0.95&#8243;][vc_column column_padding=&#8221;no-extra-padding&#8221; column_padding_position=&#8221;all&#8221; background_color_opacity=&#8221;1&#8243; background_hover_color_opacity=&#8221;1&#8243; column_shadow=&#8221;none&#8221; width=&#8221;1\/1&#8243; tablet_text_alignment=&#8221;default&#8221; phone_text_alignment=&#8221;default&#8221; column_border_width=&#8221;none&#8221; column_border_style=&#8221;solid&#8221;][vc_row_inner column_margin=&#8221;default&#8221; text_align=&#8221;left&#8221;][vc_column_inner enable_animation=&#8221;true&#8221; animation=&#8221;fade-in&#8221; column_padding=&#8221;no-extra-padding&#8221; column_padding_position=&#8221;bottom&#8221; centered_text=&#8221;true&#8221; background_color_opacity=&#8221;1&#8243; width=&#8221;1\/1&#8243; column_border_width=&#8221;none&#8221; column_border_style=&#8221;solid&#8221;][vc_column_text max_width=&#8221;450&#8243;]\n<h3><span style=\"color: #999999;\">Conhece a nossa equipa<\/span><\/h3>\n[\/vc_column_text]<div class=\"divider-wrap\"><div style=\"margin-top: 15px; width: 120px; height: 3px; margin-bottom: 15px;\" data-width=\"120\" data-animate=\"yes\" data-animation-delay=\"100\" data-color=\"extra-color-gradient-1\" class=\"divider-small-border\"><\/div><\/div><div class=\"divider-wrap\"><div style=\"height: 40px;\" class=\"divider\"><\/div><\/div>[\/vc_column_inner][\/vc_row_inner][vc_row_inner column_margin=&#8221;default&#8221; text_align=&#8221;left&#8221;][vc_column_inner enable_animation=&#8221;true&#8221; animation=&#8221;grow-in&#8221; boxed=&#8221;true&#8221; column_padding=&#8221;padding-4-percent&#8221; column_padding_position=&#8221;all&#8221; centered_text=&#8221;true&#8221; background_color_opacity=&#8221;1&#8243; width=&#8221;1\/3&#8243; column_border_width=&#8221;none&#8221; column_border_style=&#8221;solid&#8221;][vc_column_text]<img loading=\"lazy\" decoding=\"async\" class=\"aligncenter wp-image-6372 size-thumbnail\" src=\"http:\/\/www.fiwaremac.org\/wp-content\/uploads\/2017\/02\/maxresdefault-150x150.jpg\" alt=\"\" width=\"150\" height=\"150\" srcset=\"https:\/\/fiihub.cidihub.org\/wp-content\/uploads\/2017\/02\/maxresdefault-150x150.jpg 150w, https:\/\/fiihub.cidihub.org\/wp-content\/uploads\/2017\/02\/maxresdefault-100x100.jpg 100w\" sizes=\"(max-width: 150px) 100vw, 150px\" \/>[\/vc_column_text]<div class=\"divider-wrap\"><div style=\"height: 30px;\" class=\"divider\"><\/div><\/div>[nectar_gradient_text heading_tag=&#8221;h2&#8243; color=&#8221;extra-color-gradient-1&#8243; gradient_direction=&#8221;horizontal&#8221; text=&#8221;Cabildo de La Palma&#8221;][vc_column_text css=&#8221;.vc_custom_1581501580742{margin-top: -20px !important;}&#8221;]Cabildo de La Palma \u00e9 o \u00f3rg\u00e3o de governo dessa ilha. \u00c9 a forma governamental e administrativa, t\u00edpica das ilhas, que cumpre duas fun\u00e7\u00f5es principais: por um lado, presta servi\u00e7os e exerce compet\u00eancias da Comunidade Aut\u00f3noma; por outro lado, \u00e9 a entidade local que governa a ilha.[\/vc_column_text]<div class=\"divider-wrap\"><div style=\"height: 62px;\" class=\"divider\"><\/div><\/div>[\/vc_column_inner][vc_column_inner enable_animation=&#8221;true&#8221; animation=&#8221;grow-in&#8221; boxed=&#8221;true&#8221; column_padding=&#8221;padding-4-percent&#8221; column_padding_position=&#8221;all&#8221; centered_text=&#8221;true&#8221; background_color_opacity=&#8221;1&#8243; width=&#8221;1\/3&#8243; column_border_width=&#8221;none&#8221; column_border_style=&#8221;solid&#8221; delay=&#8221;200&#8243;][vc_column_text css=&#8221;.vc_custom_1552412593459{margin-top: 10px !important;margin-bottom: 10px !important;}&#8221;]<img loading=\"lazy\" decoding=\"async\" class=\"aligncenter wp-image-6374\" src=\"http:\/\/www.fiwaremac.org\/wp-content\/uploads\/2017\/02\/Logo_alta-copy-300x77.jpg\" alt=\"\" width=\"200\" height=\"52\" srcset=\"https:\/\/fiihub.cidihub.org\/wp-content\/uploads\/2017\/02\/Logo_alta-copy-300x77.jpg 300w, https:\/\/fiihub.cidihub.org\/wp-content\/uploads\/2017\/02\/Logo_alta-copy-768x198.jpg 768w, https:\/\/fiihub.cidihub.org\/wp-content\/uploads\/2017\/02\/Logo_alta-copy.jpg 800w\" sizes=\"(max-width: 200px) 100vw, 200px\" \/>[\/vc_column_text]<div class=\"divider-wrap\"><div style=\"height: 88px;\" class=\"divider\"><\/div><\/div>[nectar_gradient_text heading_tag=&#8221;h2&#8243; color=&#8221;extra-color-gradient-1&#8243; gradient_direction=&#8221;horizontal&#8221; text=&#8221;Asociaci\u00f3n Innovalia&#8221;][vc_column_text css=&#8221;.vc_custom_1581501599454{margin-top: -20px !important;}&#8221;]A Associaci\u00f3n Innovalia \u00e9 um laborat\u00f3rio de investiga\u00e7\u00e3o privado, criado pelo grupo Innovalia para coordenar uma massa cr\u00edtica capaz de perseguir, com sucesso, as suas ambi\u00e7\u00f5es estrat\u00e9gicas e objetivos de investiga\u00e7\u00e3o a longo prazo.[\/vc_column_text]<div class=\"divider-wrap\"><div style=\"height: 88px;\" class=\"divider\"><\/div><\/div>[\/vc_column_inner][vc_column_inner enable_animation=&#8221;true&#8221; animation=&#8221;grow-in&#8221; boxed=&#8221;true&#8221; column_padding=&#8221;padding-4-percent&#8221; column_padding_position=&#8221;all&#8221; centered_text=&#8221;true&#8221; background_color_opacity=&#8221;1&#8243; width=&#8221;1\/3&#8243; column_border_width=&#8221;none&#8221; column_border_style=&#8221;solid&#8221; delay=&#8221;400&#8243;][vc_column_text]<img loading=\"lazy\" decoding=\"async\" class=\"aligncenter wp-image-8002 size-medium\" src=\"https:\/\/fiihub.cidihub.org\/wp-content\/uploads\/2019\/03\/logo_ull-1-300x50.png\" alt=\"\" width=\"300\" height=\"50\" srcset=\"https:\/\/fiihub.cidihub.org\/wp-content\/uploads\/2019\/03\/logo_ull-1-300x50.png 300w, https:\/\/fiihub.cidihub.org\/wp-content\/uploads\/2019\/03\/logo_ull-1-768x128.png 768w, https:\/\/fiihub.cidihub.org\/wp-content\/uploads\/2019\/03\/logo_ull-1.png 842w\" sizes=\"(max-width: 300px) 100vw, 300px\" \/>[\/vc_column_text]<div class=\"divider-wrap\"><div style=\"height: 49px;\" class=\"divider\"><\/div><\/div>[nectar_gradient_text heading_tag=&#8221;h2&#8243; color=&#8221;extra-color-gradient-1&#8243; gradient_direction=&#8221;horizontal&#8221; text=&#8221;Fundaci\u00f3n General Universidad de La Laguna&#8221;][vc_column_text css=&#8221;.vc_custom_1581501627014{margin-top: -20px !important;}&#8221;]A Fundaci\u00f3n General Universidad de La Laguna compromete-se a ser a ponte entre a Universidade de La Laguna e a sociedade das Can\u00e1rias. A Universidade e os seus membros geram talento e a nossa miss\u00e3o \u00e9 impulsion\u00e1-lo e aproxim\u00e1-lo do nosso ambiente.[\/vc_column_text]<div class=\"divider-wrap\"><div style=\"height: 49px;\" class=\"divider\"><\/div><\/div>[\/vc_column_inner][\/vc_row_inner][vc_row_inner column_margin=&#8221;default&#8221; text_align=&#8221;left&#8221;][vc_column_inner enable_animation=&#8221;true&#8221; animation=&#8221;grow-in&#8221; boxed=&#8221;true&#8221; column_padding=&#8221;padding-4-percent&#8221; column_padding_position=&#8221;all&#8221; centered_text=&#8221;true&#8221; background_color_opacity=&#8221;1&#8243; width=&#8221;1\/3&#8243; column_border_width=&#8221;none&#8221; column_border_style=&#8221;solid&#8221;][vc_column_text]<img loading=\"lazy\" decoding=\"async\" class=\"aligncenter wp-image-6378\" src=\"http:\/\/www.fiwaremac.org\/wp-content\/uploads\/2017\/02\/logo_miti-300x123.png\" alt=\"\" width=\"200\" height=\"82\" srcset=\"https:\/\/fiihub.cidihub.org\/wp-content\/uploads\/2017\/02\/logo_miti-300x123.png 300w, https:\/\/fiihub.cidihub.org\/wp-content\/uploads\/2017\/02\/logo_miti-768x316.png 768w, https:\/\/fiihub.cidihub.org\/wp-content\/uploads\/2017\/02\/logo_miti.png 920w\" sizes=\"(max-width: 200px) 100vw, 200px\" \/>[\/vc_column_text]<div class=\"divider-wrap\"><div style=\"height: 65px;\" class=\"divider\"><\/div><\/div>[nectar_gradient_text heading_tag=&#8221;h2&#8243; color=&#8221;extra-color-gradient-1&#8243; gradient_direction=&#8221;horizontal&#8221; text=&#8221;Madeira Interactive Technologies Institute&#8221;][vc_column_text css=&#8221;.vc_custom_1581501658214{margin-top: -20px !important;}&#8221;]Madeira Interactive Technologies Institute \u00e9 um instituto de inova\u00e7\u00e3o definido pelos estatutos da Universidade da Madeira e estabelecido como uma organiza\u00e7\u00e3o independente de I+D sem fins lucrativos, cujos membros fundadores s\u00e3o a Universidade da Madeira, Madeira Tecnopolo SA e a Universidade Carnegie Mellon.[\/vc_column_text]<div class=\"divider-wrap\"><div style=\"height: 36px;\" class=\"divider\"><\/div><\/div>[\/vc_column_inner][vc_column_inner enable_animation=&#8221;true&#8221; animation=&#8221;grow-in&#8221; boxed=&#8221;true&#8221; column_padding=&#8221;padding-4-percent&#8221; column_padding_position=&#8221;all&#8221; centered_text=&#8221;true&#8221; background_color_opacity=&#8221;1&#8243; width=&#8221;1\/3&#8243; column_border_width=&#8221;none&#8221; column_border_style=&#8221;solid&#8221; delay=&#8221;200&#8243;][vc_column_text]<img loading=\"lazy\" decoding=\"async\" class=\"aligncenter wp-image-6379\" src=\"http:\/\/www.fiwaremac.org\/wp-content\/uploads\/2017\/02\/6547_frct_atualizado_big-300x120.jpg\" alt=\"\" width=\"251\" height=\"100\" srcset=\"https:\/\/fiihub.cidihub.org\/wp-content\/uploads\/2017\/02\/6547_frct_atualizado_big-300x120.jpg 300w, https:\/\/fiihub.cidihub.org\/wp-content\/uploads\/2017\/02\/6547_frct_atualizado_big-768x306.jpg 768w, https:\/\/fiihub.cidihub.org\/wp-content\/uploads\/2017\/02\/6547_frct_atualizado_big.jpg 933w\" sizes=\"(max-width: 251px) 100vw, 251px\" \/>[\/vc_column_text]<div class=\"divider-wrap\"><div style=\"height: 45px;\" class=\"divider\"><\/div><\/div>[nectar_gradient_text heading_tag=&#8221;h2&#8243; color=&#8221;extra-color-gradient-1&#8243; gradient_direction=&#8221;horizontal&#8221; text=&#8221;Fundo Regional para a Ci\u00eancia e Tecnologia&#8221;][vc_column_text css=&#8221;.vc_custom_1581501702735{margin-top: -20px !important;}&#8221;]O FRCT \u00e9 um organismo tutelado pela Secretaria Regional do Mar, Ci\u00eancia e Tecnologia, com independ\u00eancia administrativa e financeira, cujas compet\u00eancias incluem a coordena\u00e7\u00e3o de a\u00e7\u00f5es e gest\u00e3o de recursos financeiros no campo da investiga\u00e7\u00e3o cient\u00edfica e desenvolvimento tecnol\u00f3gico.[\/vc_column_text]<div class=\"divider-wrap\"><div  class=\"divider\"><\/div><\/div>[\/vc_column_inner][vc_column_inner enable_animation=&#8221;true&#8221; animation=&#8221;grow-in&#8221; boxed=&#8221;true&#8221; column_padding=&#8221;padding-4-percent&#8221; column_padding_position=&#8221;all&#8221; centered_text=&#8221;true&#8221; background_color_opacity=&#8221;1&#8243; width=&#8221;1\/3&#8243; column_border_width=&#8221;none&#8221; column_border_style=&#8221;solid&#8221; delay=&#8221;400&#8243;][vc_column_text]<img loading=\"lazy\" decoding=\"async\" class=\"aligncenter wp-image-6380\" src=\"http:\/\/www.fiwaremac.org\/wp-content\/uploads\/2017\/02\/original-220x300.png\" alt=\"\" width=\"110\" height=\"150\" srcset=\"https:\/\/fiihub.cidihub.org\/wp-content\/uploads\/2017\/02\/original-220x300.png 220w, https:\/\/fiihub.cidihub.org\/wp-content\/uploads\/2017\/02\/original.png 433w\" sizes=\"(max-width: 110px) 100vw, 110px\" \/>[\/vc_column_text]<div class=\"divider-wrap\"><div style=\"height: 25px;\" class=\"divider\"><\/div><\/div>[nectar_gradient_text heading_tag=&#8221;h2&#8243; color=&#8221;extra-color-gradient-1&#8243; gradient_direction=&#8221;horizontal&#8221; text=&#8221;C\u00e2mara do Com\u00e9rcio e Ind\u00fastria de Ponta Delgada&#8221;][vc_column_text css=&#8221;.vc_custom_1581501733526{margin-top: -20px !important;}&#8221;]A CCIPD \u00e9 uma associa\u00e7\u00e3o comercial multissetorial representativa das empresas que exercem as suas atividades nas \u00e1reas do com\u00e9rcio, ind\u00fastria, turismo e servi\u00e7os nas ilhas de S\u00e3o Miguel e Santa Maria.[\/vc_column_text]<div class=\"divider-wrap\"><div style=\"height: 116px;\" class=\"divider\"><\/div><\/div>[\/vc_column_inner][\/vc_row_inner][vc_row_inner column_margin=&#8221;default&#8221; text_align=&#8221;left&#8221;][vc_column_inner enable_animation=&#8221;true&#8221; animation=&#8221;grow-in&#8221; boxed=&#8221;true&#8221; column_padding=&#8221;padding-4-percent&#8221; column_padding_position=&#8221;all&#8221; centered_text=&#8221;true&#8221; background_color_opacity=&#8221;1&#8243; width=&#8221;1\/3&#8243; column_border_width=&#8221;none&#8221; column_border_style=&#8221;solid&#8221;][vc_column_text]<img loading=\"lazy\" decoding=\"async\" class=\"aligncenter wp-image-6378\" src=\"https:\/\/fiihub.cidihub.org\/wp-content\/uploads\/2020\/01\/spegc.jpg\" alt=\"\" width=\"200\" height=\"80\" \/>[\/vc_column_text]<div class=\"divider-wrap\"><div style=\"height: 65px;\" class=\"divider\"><\/div><\/div>[nectar_gradient_text heading_tag=&#8221;h2&#8243; color=&#8221;extra-color-gradient-1&#8243; gradient_direction=&#8221;horizontal&#8221; text=&#8221; Sociedad de Promoci\u00f3n Econ\u00f3mica de Gran Canaria&#8221;][vc_column_text css=&#8221;.vc_custom_1581501803350{margin-top: -20px !important;}&#8221;]A Sociedad de Promoci\u00f3n Econ\u00f3mica de Gran Canaria (SPEGC) \u00e9 uma entidade comercial de propriedade integral de Cabildo de Gran Canaria. A miss\u00e3o do SPEGC \u00e9 promover atividades econ\u00f3micas e comerciais que contribuam para o desenvolvimento e expans\u00e3o da ilha.[\/vc_column_text]<div class=\"divider-wrap\"><div style=\"height: 36px;\" class=\"divider\"><\/div><\/div>[\/vc_column_inner][vc_column_inner enable_animation=&#8221;true&#8221; animation=&#8221;grow-in&#8221; boxed=&#8221;true&#8221; column_padding=&#8221;padding-4-percent&#8221; column_padding_position=&#8221;all&#8221; centered_text=&#8221;true&#8221; background_color_opacity=&#8221;1&#8243; width=&#8221;1\/3&#8243; column_border_width=&#8221;none&#8221; column_border_style=&#8221;solid&#8221; delay=&#8221;200&#8243;][vc_column_text]<img decoding=\"async\" class=\"aligncenter wp-image-6379\" src=\"https:\/\/fiihub.cidihub.org\/wp-content\/uploads\/2020\/01\/ACIF-1.jpg\" \/>[\/vc_column_text]<div class=\"divider-wrap\"><div style=\"height: 45px;\" class=\"divider\"><\/div><\/div>[nectar_gradient_text heading_tag=&#8221;h2&#8243; color=&#8221;extra-color-gradient-1&#8243; gradient_direction=&#8221;horizontal&#8221; text=&#8221;ACIF&#8221;][vc_column_text css=&#8221;.vc_custom_1581501834671{margin-top: -20px !important;}&#8221;]O ACIF-CCIM \u00e9 uma entidade privada que, na Regi\u00e3o Aut\u00f3noma da Madeira, representa e apoia empresas dos setores do Com\u00e9rcio, Servi\u00e7os, Ind\u00fastria e Turismo. O crescimento e o maior n\u00famero de empresas agregadas legitimam o ACIF-CCIM a intervir em assuntos relevantes no dia a dia das empresas.[\/vc_column_text]<div class=\"divider-wrap\"><div  class=\"divider\"><\/div><\/div>[\/vc_column_inner][vc_column_inner enable_animation=&#8221;true&#8221; animation=&#8221;grow-in&#8221; boxed=&#8221;true&#8221; column_padding=&#8221;padding-4-percent&#8221; column_padding_position=&#8221;all&#8221; centered_text=&#8221;true&#8221; background_color_opacity=&#8221;1&#8243; width=&#8221;1\/3&#8243; column_border_width=&#8221;none&#8221; column_border_style=&#8221;solid&#8221; delay=&#8221;400&#8243;][vc_column_text]<img loading=\"lazy\" decoding=\"async\" class=\"aligncenter wp-image-6380\" src=\"https:\/\/fiihub.cidihub.org\/wp-content\/uploads\/2020\/01\/nonagon.png\" alt=\"\" width=\"200\" height=\"80\" \/>[\/vc_column_text]<div class=\"divider-wrap\"><div style=\"height: 25px;\" class=\"divider\"><\/div><\/div>[nectar_gradient_text heading_tag=&#8221;h2&#8243; color=&#8221;extra-color-gradient-1&#8243; gradient_direction=&#8221;horizontal&#8221; text=&#8221;NONAGON&#8221;][vc_column_text css=&#8221;.vc_custom_1581501870862{margin-top: -20px !important;}&#8221;]Criado em janeiro de 2012, a miss\u00e3o do Nonagon \u00e9 apoiar a dinamiza\u00e7\u00e3o tecnol\u00f3gica e a forma\u00e7\u00e3o de recursos humanos qualificados na \u00e1rea de sistemas de informa\u00e7\u00e3o e comunica\u00e7\u00e3o, assim como na monitoriza\u00e7\u00e3o e observa\u00e7\u00e3o da Terra, do espa\u00e7o e mar.[\/vc_column_text]<div class=\"divider-wrap\"><div style=\"height: 116px;\" class=\"divider\"><\/div><\/div>[\/vc_column_inner][\/vc_row_inner][vc_row_inner column_margin=&#8221;default&#8221; text_align=&#8221;left&#8221;][vc_column_inner enable_animation=&#8221;true&#8221; animation=&#8221;grow-in&#8221; boxed=&#8221;true&#8221; column_padding=&#8221;padding-4-percent&#8221; column_padding_position=&#8221;all&#8221; centered_text=&#8221;true&#8221; background_color_opacity=&#8221;1&#8243; width=&#8221;1\/3&#8243; column_border_width=&#8221;none&#8221; column_border_style=&#8221;solid&#8221;][vc_column_text]<img loading=\"lazy\" decoding=\"async\" class=\"aligncenter wp-image-6378\" src=\"https:\/\/fiihub.cidihub.org\/wp-content\/uploads\/2020\/01\/nosi.png\" alt=\"\" width=\"200\" height=\"80\" \/>[\/vc_column_text]<div class=\"divider-wrap\"><div style=\"height: 65px;\" class=\"divider\"><\/div><\/div>[nectar_gradient_text heading_tag=&#8221;h2&#8243; color=&#8221;extra-color-gradient-1&#8243; gradient_direction=&#8221;horizontal&#8221; text=&#8221;N\u00facleo Operacional para a Sociedade de Informa\u00e7\u00e3o&#8221;][vc_column_text css=&#8221;.vc_custom_1581501905150{margin-top: -20px !important;}&#8221;]A governan\u00e7a eletr\u00f3nica e integrada tem sido o principal pilar da sociedade da informa\u00e7\u00e3o em Cabo Verde. Erguido como a principal ferramenta de moderniza\u00e7\u00e3o administrativa, aproveitou o surgimento de um novo conceito de presta\u00e7\u00e3o p\u00fablica e de uma nova gera\u00e7\u00e3o de servi\u00e7os p\u00fablicos, visando a promo\u00e7\u00e3o do empreendedorismo e da cidadania, para posicionar os interesses dos cidad\u00e3os em primeiro plano institucional.[\/vc_column_text]<div class=\"divider-wrap\"><div style=\"height: 36px;\" class=\"divider\"><\/div><\/div>[\/vc_column_inner][vc_column_inner enable_animation=&#8221;true&#8221; animation=&#8221;grow-in&#8221; boxed=&#8221;true&#8221; column_padding=&#8221;padding-4-percent&#8221; column_padding_position=&#8221;all&#8221; centered_text=&#8221;true&#8221; background_color_opacity=&#8221;1&#8243; width=&#8221;1\/3&#8243; column_border_width=&#8221;none&#8221; column_border_style=&#8221;solid&#8221; delay=&#8221;200&#8243;][vc_column_text]<img loading=\"lazy\" decoding=\"async\" class=\"aligncenter wp-image-6379\" src=\"https:\/\/fiihub.cidihub.org\/wp-content\/uploads\/2020\/01\/unicaboverde.jpg\" alt=\"\" width=\"200\" height=\"80\" \/>[\/vc_column_text]<div class=\"divider-wrap\"><div style=\"height: 45px;\" class=\"divider\"><\/div><\/div>[vc_column_text css=&#8221;.vc_custom_1581501922158{margin-top: -20px !important;}&#8221;]A Universidade de Cabo Verde (Uni-CV) \u00e9 uma institui\u00e7\u00e3o de ensino superior em Cabo Verde. \u00c9 a \u00fanica institui\u00e7\u00e3o p\u00fablica com car\u00e1ter universit\u00e1rio do pa\u00eds, sendo, portanto, a refer\u00eancia do ensino superior cabo-verdiano.[\/vc_column_text]<div class=\"divider-wrap\"><div  class=\"divider\"><\/div><\/div>[\/vc_column_inner][vc_column_inner enable_animation=&#8221;true&#8221; animation=&#8221;grow-in&#8221; boxed=&#8221;true&#8221; column_padding=&#8221;padding-4-percent&#8221; column_padding_position=&#8221;all&#8221; centered_text=&#8221;true&#8221; background_color_opacity=&#8221;1&#8243; width=&#8221;1\/3&#8243; column_border_width=&#8221;none&#8221; column_border_style=&#8221;solid&#8221; delay=&#8221;400&#8243;][vc_column_text]<img loading=\"lazy\" decoding=\"async\" class=\"wp-image-10448 size-medium aligncenter\" src=\"https:\/\/fiihub.cidihub.org\/wp-content\/uploads\/2021\/10\/ARDITI_color_rgb-300x75.jpg\" alt=\"\" width=\"300\" height=\"75\" srcset=\"https:\/\/fiihub.cidihub.org\/wp-content\/uploads\/2021\/10\/ARDITI_color_rgb-300x75.jpg 300w, https:\/\/fiihub.cidihub.org\/wp-content\/uploads\/2021\/10\/ARDITI_color_rgb-1024x256.jpg 1024w, https:\/\/fiihub.cidihub.org\/wp-content\/uploads\/2021\/10\/ARDITI_color_rgb-768x192.jpg 768w, https:\/\/fiihub.cidihub.org\/wp-content\/uploads\/2021\/10\/ARDITI_color_rgb-1536x384.jpg 1536w, https:\/\/fiihub.cidihub.org\/wp-content\/uploads\/2021\/10\/ARDITI_color_rgb-2048x513.jpg 2048w\" sizes=\"(max-width: 300px) 100vw, 300px\" \/>[\/vc_column_text]<div class=\"divider-wrap\"><div style=\"height: 45px;\" class=\"divider\"><\/div><\/div>[nectar_gradient_text heading_tag=&#8221;h2&#8243; color=&#8221;extra-color-gradient-1&#8243; gradient_direction=&#8221;horizontal&#8221; text=&#8221;Ag\u00eancia Regional para o Desenvolvimento da Investiga\u00e7\u00e3o, Tecnologia e Inova\u00e7\u00e3o&#8221;][vc_column_text css=&#8221;.vc_custom_1634727845397{margin-top: -20px !important;}&#8221;]A Ag\u00eancia Regional para o Desenvolvimento da Investiga\u00e7\u00e3o, Tecnologia e Inova\u00e7\u00e3o &#8211; ARDITI, tem como objetivo, o apoio a actividades de investiga\u00e7\u00e3o e de desenvolvimento experimental, de promo\u00e7\u00e3o da difus\u00e3o tecnol\u00f3gica, de forma\u00e7\u00e3o e de informa\u00e7\u00e3o cient\u00edfica e t\u00e9cnica, bem como a ac\u00e7\u00f5es que contribuam para a moderniza\u00e7\u00e3o e desenvolvimento da Regi\u00e3o Aut\u00f3noma da Madeira (RAM). Este apoio estar\u00e1 de acordo com o plano de desenvolvimento econ\u00f3mico e social da RAM, em particular no sentido de assegurar a sustentabilidade do crescimento econ\u00f3mico e do emprego na Regi\u00e3o. Neste plano \u00e9 consagrado um novo paradigma das pol\u00edticas de desenvolvimento baseadas na inova\u00e7\u00e3o, no empreendedorismo e na sociedade do conhecimento, garantindo, consequentemente, o aumento significativo dos n\u00edveis educativos e formativos da popula\u00e7\u00e3o e, simultaneamente, o aumento da coes\u00e3o social.[\/vc_column_text][\/vc_column_inner][\/vc_row_inner][\/vc_column][\/vc_row]\n","protected":false},"excerpt":{"rendered":"<p>[vc_row type=&#8221;full_width_background&#8221; full_screen_row_position=&#8221;middle&#8221; bg_color=&#8221;#f4f4f4&#8243; scene_position=&#8221;center&#8221; text_color=&#8221;dark&#8221; text_align=&#8221;left&#8221; top_padding=&#8221;10%&#8221; bottom_padding=&#8221;6%&#8221; id=&#8221;pricing&#8221; row_name=&#8221;Pricing&#8221; overlay_strength=&#8221;0.95&#8243;][vc_column column_padding=&#8221;no-extra-padding&#8221; column_padding_position=&#8221;all&#8221; background_color_opacity=&#8221;1&#8243; background_hover_color_opacity=&#8221;1&#8243; column_shadow=&#8221;none&#8221; width=&#8221;1\/1&#8243; tablet_text_alignment=&#8221;default&#8221; phone_text_alignment=&#8221;default&#8221; column_border_width=&#8221;none&#8221; column_border_style=&#8221;solid&#8221;][vc_row_inner column_margin=&#8221;default&#8221; text_align=&#8221;left&#8221;][vc_column_inner enable_animation=&#8221;true&#8221; animation=&#8221;fade-in&#8221; column_padding=&#8221;no-extra-padding&#8221; column_padding_position=&#8221;bottom&#8221; centered_text=&#8221;true&#8221; background_color_opacity=&#8221;1&#8243;&#8230;<\/p>\n","protected":false},"author":1,"featured_media":0,"parent":0,"menu_order":0,"comment_status":"closed","ping_status":"open","template":"","meta":{"_exactmetrics_skip_tracking":false,"_exactmetrics_sitenote_active":false,"_exactmetrics_sitenote_note":"","_exactmetrics_sitenote_category":0,"footnotes":""},"class_list":["post-6482","page","type-page","status-publish","hentry"],"_links":{"self":[{"href":"https:\/\/fiihub.cidihub.org\/pt-pt\/wp-json\/wp\/v2\/pages\/6482\/"}],"collection":[{"href":"https:\/\/fiihub.cidihub.org\/pt-pt\/wp-json\/wp\/v2\/pages\/"}],"about":[{"href":"https:\/\/fiihub.cidihub.org\/pt-pt\/wp-json\/wp\/v2\/types\/page\/"}],"author":[{"embeddable":true,"href":"https:\/\/fiihub.cidihub.org\/pt-pt\/wp-json\/wp\/v2\/users\/1\/"}],"replies":[{"embeddable":true,"href":"https:\/\/fiihub.cidihub.org\/pt-pt\/wp-json\/wp\/v2\/comments\/?post=6482"}],"version-history":[{"count":18,"href":"https:\/\/fiihub.cidihub.org\/pt-pt\/wp-json\/wp\/v2\/pages\/6482\/revisions\/"}],"predecessor-version":[{"id":10454,"href":"https:\/\/fiihub.cidihub.org\/pt-pt\/wp-json\/wp\/v2\/pages\/6482\/revisions\/10454\/"}],"wp:attachment":[{"href":"https:\/\/fiihub.cidihub.org\/pt-pt\/wp-json\/wp\/v2\/media\/?parent=6482"}],"curies":[{"name":"wp","href":"https:\/\/api.w.org\/{rel}","templated":true}]}}