{"id":7305,"date":"2017-10-05T08:41:01","date_gmt":"2017-10-05T08:41:01","guid":{"rendered":"http:\/\/www.fiwaremac.org\/noticias-2\/"},"modified":"2019-08-01T11:44:24","modified_gmt":"2019-08-01T11:44:24","slug":"noticias-2-2","status":"publish","type":"page","link":"https:\/\/fiihub.cidihub.org\/pt-pt\/noticias-2-2\/","title":{"rendered":"Noticias"},"content":{"rendered":"[vc_row type=&#8221;full_width_background&#8221; full_screen_row_position=&#8221;middle&#8221; bg_color=&#8221;#eaeaea&#8221; scene_position=&#8221;center&#8221; text_color=&#8221;dark&#8221; text_align=&#8221;left&#8221; top_padding=&#8221;7%&#8221; bottom_padding=&#8221;7%&#8221; overlay_strength=&#8221;0.3&#8243;][vc_column column_padding=&#8221;no-extra-padding&#8221; column_padding_position=&#8221;all&#8221; background_color_opacity=&#8221;1&#8243; background_hover_color_opacity=&#8221;1&#8243; column_shadow=&#8221;none&#8221; width=&#8221;1\/1&#8243; tablet_text_alignment=&#8221;default&#8221; phone_text_alignment=&#8221;default&#8221; column_border_width=&#8221;none&#8221; column_border_style=&#8221;solid&#8221;]\t\t\t\n\t\t\t<div class=\"row blog-recent columns-3\" data-style=\"classic_enhanced\" data-color-scheme=\"light\">\n\t\t\t\t\n\t\t\t\t\n\t\t\t\t<div class=\"col span_4\">\n\t\t\t\t\t\n\t\t\t\t\t\n\t\t\t\t\t\t\t<div class=\"inner-wrap post-8587 post type-post status-publish format-standard has-post-thumbnail hentry category-fimac-pt-pt\">\n\n\t\t\t\t\t\t\t<a href=\"https:\/\/fiihub.cidihub.org\/pt-pt\/workshop-de-formacao\/\" class=\"img-link\"><span class=\"post-featured-img\"><img loading=\"lazy\" decoding=\"async\" width=\"598\" height=\"264\" src=\"https:\/\/fiihub.cidihub.org\/wp-content\/uploads\/2019\/07\/Workshop_sme1b-1.jpg\" class=\"attachment-portfolio-thumb size-portfolio-thumb wp-post-image\" alt=\"\" title=\"\" sizes=\"(min-width: 1300px) 33vw, (min-width: 1000px) 33vw, (min-width: 690px) 100vw, 100vw\" srcset=\"https:\/\/fiihub.cidihub.org\/wp-content\/uploads\/2019\/07\/Workshop_sme1b-1.jpg 598w, https:\/\/fiihub.cidihub.org\/wp-content\/uploads\/2019\/07\/Workshop_sme1b-1-300x132.jpg 300w\" \/><\/span><\/a>\n\t\t\t\t\t\t\t<span class=\"meta-category\"><a class=\"fimac-pt-pt\" href=\"https:\/\/fiihub.cidihub.org\/pt-pt\/category\/fimac-pt-pt\/\">FIMAC<\/a><\/span>\t\t\t\t\t\t\t\t\n\t\t\t\t\t\t\t<a class=\"entire-meta-link\" href=\"https:\/\/fiihub.cidihub.org\/pt-pt\/workshop-de-formacao\/\"><\/a>\n\n\t\t\t\t\t\t\t<div class=\"article-content-wrap\">\n\t\t\t\t\t\t\t\t<div class=\"post-header\">\n\t\t\t\t\t\t\t\t\t<span class=\"meta\"> 18 Julho, 2019 <\/span> \n\t\t\t\t\t\t\t\t\t<h3 class=\"title\">Workshop de Forma\u00e7\u00e3o<\/h3>\t\n\t\t\t\t\t\t\t\t<\/div><!--\/post-header-->\n\t\t\t\t\t\t\t\t<div class=\"excerpt\">\n\t\t\t\t\t\t\t\t\t<p>O Governo dos A\u00e7ores, atrav\u00e9s do Fundo Regional para a Ci\u00eancia e Tecnologia, a Ag\u00eancia Nacional de Inova\u00e7\u00e3o (ANI) e a C\u00e2mara de Com\u00e9rcio e Ind\u00fastria de Ponta Delgada promovem&#8230;<\/p>\n\t\t\t\t\t\t\t\t<\/div>\n\t\t\t\t\t\t\t<\/div>\n\t\t\t\t\t\t\t\n\t\t\t\t\t\t\t<div class=\"post-meta\">\n\t\t\t\t\t\t\t\t<span class=\"meta-author\"> <a href=\"https:\/\/fiihub.cidihub.org\/pt-pt\/author\/fiwaremac_admin\/\"> <i class=\"icon-default-style icon-salient-m-user\"><\/i> fiwaremac_admin<\/a> <\/span> \n\t\t\t\t\t\t\t\t\n\t\t\t\t\t\t\t\t\t\t\t\t\t\t\t\t\n\t\t\t\t\t\t\t\t<div class=\"nectar-love-wrap\">\n\t\t\t\t\t\t\t\t\t<a href=\"#\" class=\"nectar-love\" id=\"nectar-love-8587\" title=\"Love this\"> <div class=\"heart-wrap\"><i class=\"icon-salient-heart-2\"><\/i><\/div><span class=\"nectar-love-count\">1<\/span><\/a>\t\t\t\t\t\t\t\t<\/div><!--\/nectar-love-wrap-->\t\n\t\t\t\t\t\t\t<\/div>\n\n\t\t\t\t\t\t<\/div>\n\n\t\t\t\t\t\t\t\t\t\t\t\n\t\t\t\t<\/div><!--\/col-->\n\t\t\t\t\n\t\t\t\t\n\t\t\t\t<div class=\"col span_4\">\n\t\t\t\t\t\n\t\t\t\t\t\n\t\t\t\t\t\t\t<div class=\"inner-wrap post-8589 post type-post status-publish format-standard has-post-thumbnail hentry category-fimac-pt-pt\">\n\n\t\t\t\t\t\t\t<a href=\"https:\/\/fiihub.cidihub.org\/pt-pt\/ponta-delgada-acolhe-workshop-sobre-fundos-europeus-para-a-internacionalizacao-de-empresas-inovadoras\/\" class=\"img-link\"><span class=\"post-featured-img\"><img loading=\"lazy\" decoding=\"async\" width=\"600\" height=\"403\" src=\"https:\/\/fiihub.cidihub.org\/wp-content\/uploads\/2019\/07\/Ponta-Delgada-3-696x464-600x403.jpg\" class=\"attachment-portfolio-thumb size-portfolio-thumb wp-post-image\" alt=\"\" title=\"\" sizes=\"(min-width: 1300px) 33vw, (min-width: 1000px) 33vw, (min-width: 690px) 100vw, 100vw\" srcset=\"https:\/\/fiihub.cidihub.org\/wp-content\/uploads\/2019\/07\/Ponta-Delgada-3-696x464-600x403.jpg 600w, https:\/\/fiihub.cidihub.org\/wp-content\/uploads\/2019\/07\/Ponta-Delgada-3-696x464-400x269.jpg 400w\" \/><\/span><\/a>\n\t\t\t\t\t\t\t<span class=\"meta-category\"><a class=\"fimac-pt-pt\" href=\"https:\/\/fiihub.cidihub.org\/pt-pt\/category\/fimac-pt-pt\/\">FIMAC<\/a><\/span>\t\t\t\t\t\t\t\t\n\t\t\t\t\t\t\t<a class=\"entire-meta-link\" href=\"https:\/\/fiihub.cidihub.org\/pt-pt\/ponta-delgada-acolhe-workshop-sobre-fundos-europeus-para-a-internacionalizacao-de-empresas-inovadoras\/\"><\/a>\n\n\t\t\t\t\t\t\t<div class=\"article-content-wrap\">\n\t\t\t\t\t\t\t\t<div class=\"post-header\">\n\t\t\t\t\t\t\t\t\t<span class=\"meta\"> 16 Julho, 2019 <\/span> \n\t\t\t\t\t\t\t\t\t<h3 class=\"title\">Ponta Delgada acolhe workshop sobre fundos europeus para a internacionaliza\u00e7\u00e3o de empresas inovadoras<\/h3>\t\n\t\t\t\t\t\t\t\t<\/div><!--\/post-header-->\n\t\t\t\t\t\t\t\t<div class=\"excerpt\">\n\t\t\t\t\t\t\t\t\t<p>O Governo dos A\u00e7ores, atrav\u00e9s do Fundo Regional para a Ci\u00eancia e Tecnologia, a Ag\u00eancia Nacional de Inova\u00e7\u00e3o (ANI) e a C\u00e2mara de Com\u00e9rcio e Ind\u00fastria de Ponta Delgada promovem&#8230;<\/p>\n\t\t\t\t\t\t\t\t<\/div>\n\t\t\t\t\t\t\t<\/div>\n\t\t\t\t\t\t\t\n\t\t\t\t\t\t\t<div class=\"post-meta\">\n\t\t\t\t\t\t\t\t<span class=\"meta-author\"> <a href=\"https:\/\/fiihub.cidihub.org\/pt-pt\/author\/fiwaremac_admin\/\"> <i class=\"icon-default-style icon-salient-m-user\"><\/i> fiwaremac_admin<\/a> <\/span> \n\t\t\t\t\t\t\t\t\n\t\t\t\t\t\t\t\t\t\t\t\t\t\t\t\t\n\t\t\t\t\t\t\t\t<div class=\"nectar-love-wrap\">\n\t\t\t\t\t\t\t\t\t<a href=\"#\" class=\"nectar-love\" id=\"nectar-love-8589\" title=\"Love this\"> <div class=\"heart-wrap\"><i class=\"icon-salient-heart-2\"><\/i><\/div><span class=\"nectar-love-count\">1<\/span><\/a>\t\t\t\t\t\t\t\t<\/div><!--\/nectar-love-wrap-->\t\n\t\t\t\t\t\t\t<\/div>\n\n\t\t\t\t\t\t<\/div>\n\n\t\t\t\t\t\t\t\t\t\t\t\n\t\t\t\t<\/div><!--\/col-->\n\t\t\t\t\n\t\t\t\t\n\t\t\t\t<div class=\"col span_4\">\n\t\t\t\t\t\n\t\t\t\t\t\n\t\t\t\t\t\t\t<div class=\"inner-wrap post-8489 post type-post status-publish format-standard has-post-thumbnail hentry category-fimac-pt-pt\">\n\n\t\t\t\t\t\t\t<a href=\"https:\/\/fiihub.cidihub.org\/pt-pt\/workshop-madeira\/\" class=\"img-link\"><span class=\"post-featured-img\"><img loading=\"lazy\" decoding=\"async\" width=\"600\" height=\"403\" src=\"https:\/\/fiihub.cidihub.org\/wp-content\/uploads\/2019\/05\/madeira-600x403.png\" class=\"attachment-portfolio-thumb size-portfolio-thumb wp-post-image\" alt=\"\" title=\"\" sizes=\"(min-width: 1300px) 33vw, (min-width: 1000px) 33vw, (min-width: 690px) 100vw, 100vw\" srcset=\"https:\/\/fiihub.cidihub.org\/wp-content\/uploads\/2019\/05\/madeira-600x403.png 600w, https:\/\/fiihub.cidihub.org\/wp-content\/uploads\/2019\/05\/madeira-400x269.png 400w\" \/><\/span><\/a>\n\t\t\t\t\t\t\t<span class=\"meta-category\"><a class=\"fimac-pt-pt\" href=\"https:\/\/fiihub.cidihub.org\/pt-pt\/category\/fimac-pt-pt\/\">FIMAC<\/a><\/span>\t\t\t\t\t\t\t\t\n\t\t\t\t\t\t\t<a class=\"entire-meta-link\" href=\"https:\/\/fiihub.cidihub.org\/pt-pt\/workshop-madeira\/\"><\/a>\n\n\t\t\t\t\t\t\t<div class=\"article-content-wrap\">\n\t\t\t\t\t\t\t\t<div class=\"post-header\">\n\t\t\t\t\t\t\t\t\t<span class=\"meta\"> 8 Maio, 2019 <\/span> \n\t\t\t\t\t\t\t\t\t<h3 class=\"title\">Workshop Madeira<\/h3>\t\n\t\t\t\t\t\t\t\t<\/div><!--\/post-header-->\n\t\t\t\t\t\t\t\t<div class=\"excerpt\">\n\t\t\t\t\t\t\t\t\t<p>Workshop do FIMAC\u00a016.00\u00a0\u00b7 ACREDITA\u00c7\u00d5ES16.15\u00a0\u00b7 APRESENTA\u00c7\u00c3O DOS OBJETIVOS DO WORKSHOP16.30\u00a0\u00b7 CONTEXTO FIWARE16.45\u00a0\u00b7 REQUERIMENTOS T\u00c9CNICOS FIWARE&#8230;.<\/p>\n\t\t\t\t\t\t\t\t<\/div>\n\t\t\t\t\t\t\t<\/div>\n\t\t\t\t\t\t\t\n\t\t\t\t\t\t\t<div class=\"post-meta\">\n\t\t\t\t\t\t\t\t<span class=\"meta-author\"> <a href=\"https:\/\/fiihub.cidihub.org\/pt-pt\/author\/fiwaremac_admin\/\"> <i class=\"icon-default-style icon-salient-m-user\"><\/i> fiwaremac_admin<\/a> <\/span> \n\t\t\t\t\t\t\t\t\n\t\t\t\t\t\t\t\t\t\t\t\t\t\t\t\t\n\t\t\t\t\t\t\t\t<div class=\"nectar-love-wrap\">\n\t\t\t\t\t\t\t\t\t<a href=\"#\" class=\"nectar-love\" id=\"nectar-love-8489\" title=\"Love this\"> <div class=\"heart-wrap\"><i class=\"icon-salient-heart-2\"><\/i><\/div><span class=\"nectar-love-count\">1<\/span><\/a>\t\t\t\t\t\t\t\t<\/div><!--\/nectar-love-wrap-->\t\n\t\t\t\t\t\t\t<\/div>\n\n\t\t\t\t\t\t<\/div>\n\n\t\t\t\t\t\t\t\t\t\t\t\n\t\t\t\t<\/div><!--\/col-->\n\t\t\t\t\n\t\t\t\t\n\t\t\t\t<div class=\"col span_4\">\n\t\t\t\t\t\n\t\t\t\t\t\n\t\t\t\t\t\t\t<div class=\"inner-wrap post-8486 post type-post status-publish format-standard has-post-thumbnail hentry category-fimac-pt-pt\">\n\n\t\t\t\t\t\t\t<a href=\"https:\/\/fiihub.cidihub.org\/pt-pt\/workshop-azores\/\" class=\"img-link\"><span class=\"post-featured-img\"><img loading=\"lazy\" decoding=\"async\" width=\"600\" height=\"403\" src=\"https:\/\/fiihub.cidihub.org\/wp-content\/uploads\/2019\/05\/azores-600x403.png\" class=\"attachment-portfolio-thumb size-portfolio-thumb wp-post-image\" alt=\"\" title=\"\" sizes=\"(min-width: 1300px) 33vw, (min-width: 1000px) 33vw, (min-width: 690px) 100vw, 100vw\" srcset=\"https:\/\/fiihub.cidihub.org\/wp-content\/uploads\/2019\/05\/azores-600x403.png 600w, https:\/\/fiihub.cidihub.org\/wp-content\/uploads\/2019\/05\/azores-400x269.png 400w\" \/><\/span><\/a>\n\t\t\t\t\t\t\t<span class=\"meta-category\"><a class=\"fimac-pt-pt\" href=\"https:\/\/fiihub.cidihub.org\/pt-pt\/category\/fimac-pt-pt\/\">FIMAC<\/a><\/span>\t\t\t\t\t\t\t\t\n\t\t\t\t\t\t\t<a class=\"entire-meta-link\" href=\"https:\/\/fiihub.cidihub.org\/pt-pt\/workshop-azores\/\"><\/a>\n\n\t\t\t\t\t\t\t<div class=\"article-content-wrap\">\n\t\t\t\t\t\t\t\t<div class=\"post-header\">\n\t\t\t\t\t\t\t\t\t<span class=\"meta\"> 8 Maio, 2019 <\/span> \n\t\t\t\t\t\t\t\t\t<h3 class=\"title\">Workshop Azores<\/h3>\t\n\t\t\t\t\t\t\t\t<\/div><!--\/post-header-->\n\t\t\t\t\t\t\t\t<div class=\"excerpt\">\n\t\t\t\t\t\t\t\t\t<p>Workshop do FIMAC\u00a016.00\u00a0\u00b7 ACREDITA\u00c7\u00d5ES16.15\u00a0\u00b7 APRESENTA\u00c7\u00c3O DOS OBJETIVOS DO WORKSHOP16.30\u00a0\u00b7 CONTEXTO FIWARE&#8230;.<\/p>\n\t\t\t\t\t\t\t\t<\/div>\n\t\t\t\t\t\t\t<\/div>\n\t\t\t\t\t\t\t\n\t\t\t\t\t\t\t<div class=\"post-meta\">\n\t\t\t\t\t\t\t\t<span class=\"meta-author\"> <a href=\"https:\/\/fiihub.cidihub.org\/pt-pt\/author\/fiwaremac_admin\/\"> <i class=\"icon-default-style icon-salient-m-user\"><\/i> fiwaremac_admin<\/a> <\/span> \n\t\t\t\t\t\t\t\t\n\t\t\t\t\t\t\t\t\t\t\t\t\t\t\t\t\n\t\t\t\t\t\t\t\t<div class=\"nectar-love-wrap\">\n\t\t\t\t\t\t\t\t\t<a href=\"#\" class=\"nectar-love\" id=\"nectar-love-8486\" title=\"Love this\"> <div class=\"heart-wrap\"><i class=\"icon-salient-heart-2\"><\/i><\/div><span class=\"nectar-love-count\">1<\/span><\/a>\t\t\t\t\t\t\t\t<\/div><!--\/nectar-love-wrap-->\t\n\t\t\t\t\t\t\t<\/div>\n\n\t\t\t\t\t\t<\/div>\n\n\t\t\t\t\t\t\t\t\t\t\t\n\t\t\t\t<\/div><!--\/col-->\n\t\t\t\t\n\t\t\t\t\n\t\t\t\t<div class=\"col span_4\">\n\t\t\t\t\t\n\t\t\t\t\t\n\t\t\t\t\t\t\t<div class=\"inner-wrap post-8482 post type-post status-publish format-standard has-post-thumbnail hentry category-fimac-pt-pt\">\n\n\t\t\t\t\t\t\t<a href=\"https:\/\/fiihub.cidihub.org\/pt-pt\/open-call-pt\/\" class=\"img-link\"><span class=\"post-featured-img\"><img loading=\"lazy\" decoding=\"async\" width=\"600\" height=\"403\" src=\"https:\/\/fiihub.cidihub.org\/wp-content\/uploads\/2019\/05\/opencall-600x403.jpg\" class=\"attachment-portfolio-thumb size-portfolio-thumb wp-post-image\" alt=\"\" title=\"\" sizes=\"(min-width: 1300px) 33vw, (min-width: 1000px) 33vw, (min-width: 690px) 100vw, 100vw\" srcset=\"https:\/\/fiihub.cidihub.org\/wp-content\/uploads\/2019\/05\/opencall-600x403.jpg 600w, https:\/\/fiihub.cidihub.org\/wp-content\/uploads\/2019\/05\/opencall-400x269.jpg 400w\" \/><\/span><\/a>\n\t\t\t\t\t\t\t<span class=\"meta-category\"><a class=\"fimac-pt-pt\" href=\"https:\/\/fiihub.cidihub.org\/pt-pt\/category\/fimac-pt-pt\/\">FIMAC<\/a><\/span>\t\t\t\t\t\t\t\t\n\t\t\t\t\t\t\t<a class=\"entire-meta-link\" href=\"https:\/\/fiihub.cidihub.org\/pt-pt\/open-call-pt\/\"><\/a>\n\n\t\t\t\t\t\t\t<div class=\"article-content-wrap\">\n\t\t\t\t\t\t\t\t<div class=\"post-header\">\n\t\t\t\t\t\t\t\t\t<span class=\"meta\"> 8 Maio, 2017 <\/span> \n\t\t\t\t\t\t\t\t\t<h3 class=\"title\">Open Call PT<\/h3>\t\n\t\t\t\t\t\t\t\t<\/div><!--\/post-header-->\n\t\t\t\t\t\t\t\t<div class=\"excerpt\">\n\t\t\t\t\t\t\t\t\t<p>\u00bfTens uma ideia ou um projeto inovador? \u00bfEnvolve tecnologia?Est\u00e1 aberta a convocat\u00f3ria FIMAC! Aproveita esta oportunidade \u00fanica para entrar na Internet do Futuro!<\/p>\n\t\t\t\t\t\t\t\t<\/div>\n\t\t\t\t\t\t\t<\/div>\n\t\t\t\t\t\t\t\n\t\t\t\t\t\t\t<div class=\"post-meta\">\n\t\t\t\t\t\t\t\t<span class=\"meta-author\"> <a href=\"https:\/\/fiihub.cidihub.org\/pt-pt\/author\/fiwaremac_admin\/\"> <i class=\"icon-default-style icon-salient-m-user\"><\/i> fiwaremac_admin<\/a> <\/span> \n\t\t\t\t\t\t\t\t\n\t\t\t\t\t\t\t\t\t\t\t\t\t\t\t\t\n\t\t\t\t\t\t\t\t<div class=\"nectar-love-wrap\">\n\t\t\t\t\t\t\t\t\t<a href=\"#\" class=\"nectar-love\" id=\"nectar-love-8482\" title=\"Love this\"> <div class=\"heart-wrap\"><i class=\"icon-salient-heart-2\"><\/i><\/div><span class=\"nectar-love-count\">0<\/span><\/a>\t\t\t\t\t\t\t\t<\/div><!--\/nectar-love-wrap-->\t\n\t\t\t\t\t\t\t<\/div>\n\n\t\t\t\t\t\t<\/div>\n\n\t\t\t\t\t\t\t\t\t\t\t\n\t\t\t\t<\/div><!--\/col-->\n\t\t\t\t\n\t\t\t\t\t\t\n\t\t\t<\/div><!--\/blog-recent-->\n\t\t\n\t\t[vc_row_inner column_margin=&#8221;default&#8221; text_align=&#8221;left&#8221;][vc_column_inner column_padding=&#8221;no-extra-padding&#8221; column_padding_position=&#8221;all&#8221; centered_text=&#8221;true&#8221; background_color_opacity=&#8221;1&#8243; width=&#8221;1\/1&#8243; column_border_width=&#8221;none&#8221; column_border_style=&#8221;solid&#8221;][nectar_btn size=&#8221;large&#8221; button_style=&#8221;regular&#8221; button_color_2=&#8221;Accent-Color&#8221; icon_family=&#8221;iconsmind&#8221; url=&#8221;#&#8221; text=&#8221;View All Posts&#8221; icon_iconsmind=&#8221;iconsmind-Triangle-ArrowRight&#8221;][\/vc_column_inner][\/vc_row_inner][\/vc_column][\/vc_row]\n","protected":false},"excerpt":{"rendered":"<p>[vc_row type=&#8221;full_width_background&#8221; full_screen_row_position=&#8221;middle&#8221; bg_color=&#8221;#eaeaea&#8221; scene_position=&#8221;center&#8221; text_color=&#8221;dark&#8221; text_align=&#8221;left&#8221; top_padding=&#8221;7%&#8221; bottom_padding=&#8221;7%&#8221; overlay_strength=&#8221;0.3&#8243;][vc_column column_padding=&#8221;no-extra-padding&#8221; column_padding_position=&#8221;all&#8221; background_color_opacity=&#8221;1&#8243; background_hover_color_opacity=&#8221;1&#8243; column_shadow=&#8221;none&#8221; width=&#8221;1\/1&#8243; tablet_text_alignment=&#8221;default&#8221; phone_text_alignment=&#8221;default&#8221; column_border_width=&#8221;none&#8221; column_border_style=&#8221;solid&#8221;][vc_row_inner column_margin=&#8221;default&#8221; text_align=&#8221;left&#8221;][vc_column_inner column_padding=&#8221;no-extra-padding&#8221; column_padding_position=&#8221;all&#8221; centered_text=&#8221;true&#8221; background_color_opacity=&#8221;1&#8243; width=&#8221;1\/1&#8243; column_border_width=&#8221;none&#8221; column_border_style=&#8221;solid&#8221;][nectar_btn size=&#8221;large&#8221;&#8230;<\/p>\n","protected":false},"author":1,"featured_media":0,"parent":0,"menu_order":0,"comment_status":"closed","ping_status":"closed","template":"","meta":{"_exactmetrics_skip_tracking":false,"_exactmetrics_sitenote_active":false,"_exactmetrics_sitenote_note":"","_exactmetrics_sitenote_category":0,"footnotes":""},"class_list":["post-7305","page","type-page","status-publish","hentry"],"_links":{"self":[{"href":"https:\/\/fiihub.cidihub.org\/pt-pt\/wp-json\/wp\/v2\/pages\/7305\/"}],"collection":[{"href":"https:\/\/fiihub.cidihub.org\/pt-pt\/wp-json\/wp\/v2\/pages\/"}],"about":[{"href":"https:\/\/fiihub.cidihub.org\/pt-pt\/wp-json\/wp\/v2\/types\/page\/"}],"author":[{"embeddable":true,"href":"https:\/\/fiihub.cidihub.org\/pt-pt\/wp-json\/wp\/v2\/users\/1\/"}],"replies":[{"embeddable":true,"href":"https:\/\/fiihub.cidihub.org\/pt-pt\/wp-json\/wp\/v2\/comments\/?post=7305"}],"version-history":[{"count":2,"href":"https:\/\/fiihub.cidihub.org\/pt-pt\/wp-json\/wp\/v2\/pages\/7305\/revisions\/"}],"predecessor-version":[{"id":8599,"href":"https:\/\/fiihub.cidihub.org\/pt-pt\/wp-json\/wp\/v2\/pages\/7305\/revisions\/8599\/"}],"wp:attachment":[{"href":"https:\/\/fiihub.cidihub.org\/pt-pt\/wp-json\/wp\/v2\/media\/?parent=7305"}],"curies":[{"name":"wp","href":"https:\/\/api.w.org\/{rel}","templated":true}]}}